{"id":25077,"date":"2025-10-28T23:45:58","date_gmt":"2025-10-28T22:45:58","guid":{"rendered":"https:\/\/promak.si\/trgovina\/nekategorizirano\/masna-lurex-zlata\/"},"modified":"2026-04-25T01:31:06","modified_gmt":"2026-04-24T23:31:06","slug":"masna-lurex-zlata","status":"publish","type":"product","link":"https:\/\/promak.si\/trgovina\/masna-lurex-zlata\/","title":{"rendered":"MA\u0160NA  LUREX ZLATA"},"content":{"rendered":"","protected":false},"excerpt":{"rendered":"<p>Ble\u0161\u010de\u010da zlata ma\u0161na iz lureksa, ki poskrbi za pravo prazni\u010dno razko\u0161je. Popolna je za okrasitev bo\u017ei\u010dnega drevesa, daril, ven\u010dkov ali notranjih dekoracij. Njena sijo\u010da tekstura \u010dudovito odbija svetlobo in ustvari toplino ter prazni\u010dni \u010dar v vsakem prostoru.<\/p>\n","protected":false},"featured_media":25064,"template":"","meta":[],"product_brand":[],"product_cat":[88,1014],"product_tag":[],"class_list":{"0":"post-25077","1":"product","2":"type-product","3":"status-publish","4":"has-post-thumbnail","6":"product_cat-bozic","7":"product_cat-pentlje","8":"pa_barva-zlata","9":"pa_dimenzija-15x25cm","10":"pa_dimenzija-25x35cm","11":"pa_dimenzija-33x43cm","13":"first","14":"instock","15":"taxable","16":"shipping-taxable","17":"purchasable","18":"product-type-variable","19":"has-default-attributes"},"_links":{"self":[{"href":"https:\/\/promak.si\/hr\/wp-json\/wp\/v2\/product\/25077","targetHints":{"allow":["GET"]}}],"collection":[{"href":"https:\/\/promak.si\/hr\/wp-json\/wp\/v2\/product"}],"about":[{"href":"https:\/\/promak.si\/hr\/wp-json\/wp\/v2\/types\/product"}],"wp:featuredmedia":[{"embeddable":true,"href":"https:\/\/promak.si\/hr\/wp-json\/wp\/v2\/media\/25064"}],"wp:attachment":[{"href":"https:\/\/promak.si\/hr\/wp-json\/wp\/v2\/media?parent=25077"}],"wp:term":[{"taxonomy":"product_brand","embeddable":true,"href":"https:\/\/promak.si\/hr\/wp-json\/wp\/v2\/product_brand?post=25077"},{"taxonomy":"product_cat","embeddable":true,"href":"https:\/\/promak.si\/hr\/wp-json\/wp\/v2\/product_cat?post=25077"},{"taxonomy":"product_tag","embeddable":true,"href":"https:\/\/promak.si\/hr\/wp-json\/wp\/v2\/product_tag?post=25077"}],"curies":[{"name":"wp","href":"https:\/\/api.w.org\/{rel}","templated":true}]}}