{"id":24318,"date":"2025-09-03T14:12:24","date_gmt":"2025-09-03T12:12:24","guid":{"rendered":"https:\/\/promak.si\/trgovina\/nekategorizirano\/sir-grana-padano-kolut-h-23d-44-cm\/"},"modified":"2025-09-15T11:35:47","modified_gmt":"2025-09-15T09:35:47","slug":"sir-grana-padano-kolut-h-23d-44-cm","status":"publish","type":"product","link":"https:\/\/promak.si\/trgovina\/sir-grana-padano-kolut-h-23d-44-cm\/","title":{"rendered":"SIR GRANA PADANO KOLUT H-23,D-44 CM"},"content":{"rendered":"<p>Ta umetni kolut Grana Padano je izjemno realisti\u010dna dekoracija, ki daje vtis pravega sira. Njegova avtenti\u010dna oblika, rumena barva in zna\u010dilni vtisnjeni napisi poskrbijo za popolno imitacijo pravega italijanskega sira Grana Padano.<\/p>\n<p>Izdelan je iz kakovostnih, trajnih materialov, odpornih na po\u0161kodbe, kar zagotavlja dolgo \u017eivljenjsko dobo in enostavno vzdr\u017eevanje. Odli\u010den je za uporabo v trgovinskih izlo\u017ebah, na kulinari\u010dnih sejmih, v restavracijah, pri fotografskih predstavitvah ali kot unikatna dekoracija doma.<\/p>\n","protected":false},"excerpt":{"rendered":"<p>Umetni kolut Grana Padano \u2013 realisti\u010dna dekoracija za kuhinje, trgovinske izlo\u017ebe, sejme in kulinari\u010dne predstavitve.<\/p>\n","protected":false},"featured_media":23798,"template":"","meta":[],"product_brand":[],"product_cat":[1007,1008],"product_tag":[],"class_list":{"0":"post-24318","1":"product","2":"type-product","3":"status-publish","4":"has-post-thumbnail","6":"product_cat-mesnine","7":"product_cat-umetna-hrana","9":"first","10":"instock","11":"taxable","12":"shipping-taxable","13":"purchasable","14":"product-type-simple"},"_links":{"self":[{"href":"https:\/\/promak.si\/hr\/wp-json\/wp\/v2\/product\/24318","targetHints":{"allow":["GET"]}}],"collection":[{"href":"https:\/\/promak.si\/hr\/wp-json\/wp\/v2\/product"}],"about":[{"href":"https:\/\/promak.si\/hr\/wp-json\/wp\/v2\/types\/product"}],"wp:featuredmedia":[{"embeddable":true,"href":"https:\/\/promak.si\/hr\/wp-json\/wp\/v2\/media\/23798"}],"wp:attachment":[{"href":"https:\/\/promak.si\/hr\/wp-json\/wp\/v2\/media?parent=24318"}],"wp:term":[{"taxonomy":"product_brand","embeddable":true,"href":"https:\/\/promak.si\/hr\/wp-json\/wp\/v2\/product_brand?post=24318"},{"taxonomy":"product_cat","embeddable":true,"href":"https:\/\/promak.si\/hr\/wp-json\/wp\/v2\/product_cat?post=24318"},{"taxonomy":"product_tag","embeddable":true,"href":"https:\/\/promak.si\/hr\/wp-json\/wp\/v2\/product_tag?post=24318"}],"curies":[{"name":"wp","href":"https:\/\/api.w.org\/{rel}","templated":true}]}}