{"id":24317,"date":"2025-09-03T14:12:24","date_gmt":"2025-09-03T12:12:24","guid":{"rendered":"https:\/\/promak.si\/trgovina\/nekategorizirano\/vencek-nesplja-d-8-cm-mix\/"},"modified":"2025-10-09T16:12:42","modified_gmt":"2025-10-09T14:12:42","slug":"vencek-nesplja-d-8-cm-mix","status":"publish","type":"product","link":"https:\/\/promak.si\/trgovina\/vencek-nesplja-d-8-cm-mix\/","title":{"rendered":"Ven\u010dek Ne\u0161plja D-8 cm mix"},"content":{"rendered":"<p>Ta umetni ven\u010dek z ne\u0161pljami zdru\u017euje toplino narave in trajnost umetnih dekoracij. Rde\u010de in oran\u017ene ne\u0161plje v kombinaciji z zelenimi listi in drobnimi plodovi ustvarjajo pristno jesensko ali prazni\u010dno vzdu\u0161je, ki je primerno za dekoracijo doma, miznih aran\u017emajev, trgovinskih izlo\u017eb, gostinskih lokalov ali kot dopolnitev prazni\u010dnih dekoracij.<\/p>\n<p>Izdelan je iz kakovostnih materialov, ki zagotavljajo dolgotrajno obstojnost in enostavno vzdr\u017eevanje. Zaradi realisti\u010dnega videza je primeren tako za samostojno uporabo kot tudi za kombinacijo z drugimi umetnimi cvetli\u010dnimi in sadnimi aran\u017emaji.<\/p>\n","protected":false},"excerpt":{"rendered":"<p>Umetni ven\u010dek z ne\u0161pljami \u2013 naravna dekoracija za dom, prazni\u010dne aran\u017emaje in izlo\u017ebe.<\/p>\n","protected":false},"featured_media":23850,"template":"","meta":[],"product_brand":[],"product_cat":[1008,1005],"product_tag":[],"class_list":{"0":"post-24317","1":"product","2":"type-product","3":"status-publish","4":"has-post-thumbnail","6":"product_cat-umetna-hrana","7":"product_cat-sadje","9":"first","10":"instock","11":"taxable","12":"shipping-taxable","13":"purchasable","14":"product-type-simple"},"_links":{"self":[{"href":"https:\/\/promak.si\/hr\/wp-json\/wp\/v2\/product\/24317","targetHints":{"allow":["GET"]}}],"collection":[{"href":"https:\/\/promak.si\/hr\/wp-json\/wp\/v2\/product"}],"about":[{"href":"https:\/\/promak.si\/hr\/wp-json\/wp\/v2\/types\/product"}],"wp:featuredmedia":[{"embeddable":true,"href":"https:\/\/promak.si\/hr\/wp-json\/wp\/v2\/media\/23850"}],"wp:attachment":[{"href":"https:\/\/promak.si\/hr\/wp-json\/wp\/v2\/media?parent=24317"}],"wp:term":[{"taxonomy":"product_brand","embeddable":true,"href":"https:\/\/promak.si\/hr\/wp-json\/wp\/v2\/product_brand?post=24317"},{"taxonomy":"product_cat","embeddable":true,"href":"https:\/\/promak.si\/hr\/wp-json\/wp\/v2\/product_cat?post=24317"},{"taxonomy":"product_tag","embeddable":true,"href":"https:\/\/promak.si\/hr\/wp-json\/wp\/v2\/product_tag?post=24317"}],"curies":[{"name":"wp","href":"https:\/\/api.w.org\/{rel}","templated":true}]}}