{"id":24313,"date":"2025-09-03T14:12:24","date_gmt":"2025-09-03T12:12:24","guid":{"rendered":"https:\/\/promak.si\/trgovina\/nekategorizirano\/lubenica-kos-x-1\/"},"modified":"2025-09-03T14:21:10","modified_gmt":"2025-09-03T12:21:10","slug":"lubenica-kos-x-1","status":"publish","type":"product","link":"https:\/\/promak.si\/trgovina\/lubenica-kos-x-1\/","title":{"rendered":"LUBENICA KOS X 1"},"content":{"rendered":"<p>Ta umetni kos lubenice je izjemno realisti\u010dna dekoracija, ki bo popestrila vsak prostor. Zaradi natan\u010dno izdelanih podrobnosti, kot so rde\u010da sredica, \u010drna semena in zelena lupina, je odli\u010dna za gostinske lokale, trgovinske izlo\u017ebe, kulinari\u010dne predstavitve, mizne dekoracije ali doma\u010do uporabo.<\/p>\n<p>Izdelan je iz kakovostnih materialov, odpornih na po\u0161kodbe in enostavnih za vzdr\u017eevanje. Realisti\u010den videz in barvni kontrast ustvarjata ob\u010dutek sve\u017eine, ki bo vedno ostal enak brez posebnega vzdr\u017eevanja.<\/p>\n","protected":false},"excerpt":{"rendered":"<p>Umetni kos lubenice \u2013 realisti\u010dna dekoracija za kuhinjo, izlo\u017ebe, fotografijo in aran\u017emaje.<\/p>\n","protected":false},"featured_media":23774,"template":"","meta":[],"product_brand":[],"product_cat":[1008,1005],"product_tag":[],"class_list":{"0":"post-24313","1":"product","2":"type-product","3":"status-publish","4":"has-post-thumbnail","6":"product_cat-umetna-hrana","7":"product_cat-sadje","9":"first","10":"instock","11":"taxable","12":"shipping-taxable","13":"purchasable","14":"product-type-simple"},"_links":{"self":[{"href":"https:\/\/promak.si\/hr\/wp-json\/wp\/v2\/product\/24313","targetHints":{"allow":["GET"]}}],"collection":[{"href":"https:\/\/promak.si\/hr\/wp-json\/wp\/v2\/product"}],"about":[{"href":"https:\/\/promak.si\/hr\/wp-json\/wp\/v2\/types\/product"}],"wp:featuredmedia":[{"embeddable":true,"href":"https:\/\/promak.si\/hr\/wp-json\/wp\/v2\/media\/23774"}],"wp:attachment":[{"href":"https:\/\/promak.si\/hr\/wp-json\/wp\/v2\/media?parent=24313"}],"wp:term":[{"taxonomy":"product_brand","embeddable":true,"href":"https:\/\/promak.si\/hr\/wp-json\/wp\/v2\/product_brand?post=24313"},{"taxonomy":"product_cat","embeddable":true,"href":"https:\/\/promak.si\/hr\/wp-json\/wp\/v2\/product_cat?post=24313"},{"taxonomy":"product_tag","embeddable":true,"href":"https:\/\/promak.si\/hr\/wp-json\/wp\/v2\/product_tag?post=24313"}],"curies":[{"name":"wp","href":"https:\/\/api.w.org\/{rel}","templated":true}]}}