{"id":24312,"date":"2025-09-03T14:12:24","date_gmt":"2025-09-03T12:12:24","guid":{"rendered":"https:\/\/promak.si\/trgovina\/nekategorizirano\/lovor-heaven-veja\/"},"modified":"2025-09-15T11:41:16","modified_gmt":"2025-09-15T09:41:16","slug":"lovor-heaven-veja","status":"publish","type":"product","link":"https:\/\/promak.si\/trgovina\/lovor-heaven-veja\/","title":{"rendered":"LOVOR HEAVEN VEJA"},"content":{"rendered":"<p>Ta umetna lovorjeva veja je izjemno realisti\u010dna dekoracija, ki bo popestrila vsak prostor. Zaradi naravnega videza in natan\u010dne izdelave je primerna za gostinske lokale, trgovinske izlo\u017ebe, kulinari\u010dne predstavitve, mizne dekoracije ali doma\u010do uporabo.<\/p>\n<p>Izdelana je iz kakovostnih materialov, ki so odporni na po\u0161kodbe in enostavni za vzdr\u017eevanje. Naravna zelena barva in oblika listov ustvarjata resni\u010den videz sve\u017ee lovorjeve veje, ki bo vedno ostala zelena in privla\u010dna brez potrebe po zalivanju ali posebnem vzdr\u017eevanju.<\/p>\n","protected":false},"excerpt":{"rendered":"<p>Umetna lovorjeva veja \u2013 realisti\u010dna dekoracija za kuhinjo, izlo\u017ebe, fotografijo in aran\u017emaje.<\/p>\n","protected":false},"featured_media":23848,"template":"","meta":[],"product_brand":[],"product_cat":[1008,1010,1006],"product_tag":[],"class_list":{"0":"post-24312","1":"product","2":"type-product","3":"status-publish","4":"has-post-thumbnail","6":"product_cat-umetna-hrana","7":"product_cat-zacimbe","8":"product_cat-zelenjava","10":"first","11":"instock","12":"taxable","13":"shipping-taxable","14":"purchasable","15":"product-type-simple"},"_links":{"self":[{"href":"https:\/\/promak.si\/hr\/wp-json\/wp\/v2\/product\/24312","targetHints":{"allow":["GET"]}}],"collection":[{"href":"https:\/\/promak.si\/hr\/wp-json\/wp\/v2\/product"}],"about":[{"href":"https:\/\/promak.si\/hr\/wp-json\/wp\/v2\/types\/product"}],"wp:featuredmedia":[{"embeddable":true,"href":"https:\/\/promak.si\/hr\/wp-json\/wp\/v2\/media\/23848"}],"wp:attachment":[{"href":"https:\/\/promak.si\/hr\/wp-json\/wp\/v2\/media?parent=24312"}],"wp:term":[{"taxonomy":"product_brand","embeddable":true,"href":"https:\/\/promak.si\/hr\/wp-json\/wp\/v2\/product_brand?post=24312"},{"taxonomy":"product_cat","embeddable":true,"href":"https:\/\/promak.si\/hr\/wp-json\/wp\/v2\/product_cat?post=24312"},{"taxonomy":"product_tag","embeddable":true,"href":"https:\/\/promak.si\/hr\/wp-json\/wp\/v2\/product_tag?post=24312"}],"curies":[{"name":"wp","href":"https:\/\/api.w.org\/{rel}","templated":true}]}}