{"id":24311,"date":"2025-09-03T14:12:24","date_gmt":"2025-09-03T12:12:24","guid":{"rendered":"https:\/\/promak.si\/trgovina\/nekategorizirano\/jagoda-x-1\/"},"modified":"2025-09-03T14:21:10","modified_gmt":"2025-09-03T12:21:10","slug":"jagoda-x-1","status":"publish","type":"product","link":"https:\/\/promak.si\/trgovina\/jagoda-x-1\/","title":{"rendered":"JAGODA X 1"},"content":{"rendered":"<p>Ta umetna jagoda je izdelana z natan\u010dnimi detajli, ki posnemajo videz prave jagode \u2013 od sijo\u010de rde\u010de barve, drobnih pikic na povr\u0161ini, do realisti\u010dnega zelenega listka na vrhu.<\/p>\n<p>Primerna je za kuhinjske dekoracije, izlo\u017ebe, aran\u017emaje, kulise pri fotografiranju ali kot dodatek v darilnih ko\u0161arah. Ne potrebuje vzdr\u017eevanja in vedno ohrani privla\u010den videz.<\/p>\n","protected":false},"excerpt":{"rendered":"<p>Umetna jagoda \u2013 dekorativni sade\u017e<\/p>\n","protected":false},"featured_media":23772,"template":"","meta":[],"product_brand":[],"product_cat":[1005,1008],"product_tag":[],"class_list":{"0":"post-24311","1":"product","2":"type-product","3":"status-publish","4":"has-post-thumbnail","6":"product_cat-sadje","7":"product_cat-umetna-hrana","9":"first","10":"instock","11":"taxable","12":"shipping-taxable","13":"purchasable","14":"product-type-simple"},"_links":{"self":[{"href":"https:\/\/promak.si\/hr\/wp-json\/wp\/v2\/product\/24311","targetHints":{"allow":["GET"]}}],"collection":[{"href":"https:\/\/promak.si\/hr\/wp-json\/wp\/v2\/product"}],"about":[{"href":"https:\/\/promak.si\/hr\/wp-json\/wp\/v2\/types\/product"}],"wp:featuredmedia":[{"embeddable":true,"href":"https:\/\/promak.si\/hr\/wp-json\/wp\/v2\/media\/23772"}],"wp:attachment":[{"href":"https:\/\/promak.si\/hr\/wp-json\/wp\/v2\/media?parent=24311"}],"wp:term":[{"taxonomy":"product_brand","embeddable":true,"href":"https:\/\/promak.si\/hr\/wp-json\/wp\/v2\/product_brand?post=24311"},{"taxonomy":"product_cat","embeddable":true,"href":"https:\/\/promak.si\/hr\/wp-json\/wp\/v2\/product_cat?post=24311"},{"taxonomy":"product_tag","embeddable":true,"href":"https:\/\/promak.si\/hr\/wp-json\/wp\/v2\/product_tag?post=24311"}],"curies":[{"name":"wp","href":"https:\/\/api.w.org\/{rel}","templated":true}]}}