{"id":24310,"date":"2025-09-03T14:12:24","date_gmt":"2025-09-03T12:12:24","guid":{"rendered":"https:\/\/promak.si\/trgovina\/nekategorizirano\/kumara-x-1\/"},"modified":"2026-02-24T01:20:15","modified_gmt":"2026-02-24T00:20:15","slug":"kumara-x-1","status":"publish","type":"product","link":"https:\/\/promak.si\/trgovina\/kumara-x-1\/","title":{"rendered":"KUMARA X 1"},"content":{"rendered":"<p>Ta umetna kumara je izdelana iz kakovostnega materiala, ki posnema naravni videz in strukturo sve\u017ee kumare. Z zelenim odtenkom in zna\u010dilnimi nepravilnostmi na povr\u0161ini deluje zelo realisti\u010dno.<\/p>\n<p>Odli\u010dna je za dekoracijo kuhinje, trgovinskih izlo\u017eb, aran\u017emajev ali kulis pri fotografiranju. Vedno ohrani sve\u017e videz in ne potrebuje posebnega vzdr\u017eevanja.<\/p>\n","protected":false},"excerpt":{"rendered":"<p>Umetna kumara \u2013 realisti\u010dna dekoracija<\/p>\n","protected":false},"featured_media":23788,"template":"","meta":[],"product_brand":[],"product_cat":[1008,1006],"product_tag":[],"class_list":{"0":"post-24310","1":"product","2":"type-product","3":"status-publish","4":"has-post-thumbnail","6":"product_cat-umetna-hrana","7":"product_cat-zelenjava","9":"first","10":"instock","11":"taxable","12":"shipping-taxable","13":"purchasable","14":"product-type-simple"},"_links":{"self":[{"href":"https:\/\/promak.si\/hr\/wp-json\/wp\/v2\/product\/24310","targetHints":{"allow":["GET"]}}],"collection":[{"href":"https:\/\/promak.si\/hr\/wp-json\/wp\/v2\/product"}],"about":[{"href":"https:\/\/promak.si\/hr\/wp-json\/wp\/v2\/types\/product"}],"wp:featuredmedia":[{"embeddable":true,"href":"https:\/\/promak.si\/hr\/wp-json\/wp\/v2\/media\/23788"}],"wp:attachment":[{"href":"https:\/\/promak.si\/hr\/wp-json\/wp\/v2\/media?parent=24310"}],"wp:term":[{"taxonomy":"product_brand","embeddable":true,"href":"https:\/\/promak.si\/hr\/wp-json\/wp\/v2\/product_brand?post=24310"},{"taxonomy":"product_cat","embeddable":true,"href":"https:\/\/promak.si\/hr\/wp-json\/wp\/v2\/product_cat?post=24310"},{"taxonomy":"product_tag","embeddable":true,"href":"https:\/\/promak.si\/hr\/wp-json\/wp\/v2\/product_tag?post=24310"}],"curies":[{"name":"wp","href":"https:\/\/api.w.org\/{rel}","templated":true}]}}