{"id":24306,"date":"2025-09-03T14:12:24","date_gmt":"2025-09-03T12:12:24","guid":{"rendered":"https:\/\/promak.si\/trgovina\/nekategorizirano\/petersilj-sopek-x-6\/"},"modified":"2025-09-16T01:20:10","modified_gmt":"2025-09-15T23:20:10","slug":"petersilj-sopek-x-6","status":"publish","type":"product","link":"https:\/\/promak.si\/trgovina\/petersilj-sopek-x-6\/","title":{"rendered":"PETER\u0160ILJ \u0160OPEK X 6"},"content":{"rendered":"<p>Ta \u010dudovit umetni \u0161opek peter\u0161ilja izgleda kot pravi sve\u017e peter\u0161ilj in bo v va\u0161 dom ali lokal prinesel naraven pridih zelenja. Zaradi realisti\u010dne izdelave je primeren za kuhinjo, restavracijo, jedilnico, pogrinjke in dekorativne aran\u017emaje.<\/p>\n<p>Prednost umetnega peter\u0161ilja je, da ne potrebuje zalivanja, vedno ohrani sve\u017e videz in je dolgotrajen.<\/p>\n","protected":false},"excerpt":{"rendered":"<p>Umetni peter\u0161ilj \u2013 dekorativni \u0161opek za kuhinjo, jedilnico in okrasne aran\u017emaje.<\/p>\n","protected":false},"featured_media":23786,"template":"","meta":[],"product_brand":[],"product_cat":[1008,1010,1006],"product_tag":[],"class_list":{"0":"post-24306","1":"product","2":"type-product","3":"status-publish","4":"has-post-thumbnail","6":"product_cat-umetna-hrana","7":"product_cat-zacimbe","8":"product_cat-zelenjava","10":"first","11":"instock","12":"taxable","13":"shipping-taxable","14":"purchasable","15":"product-type-simple"},"_links":{"self":[{"href":"https:\/\/promak.si\/hr\/wp-json\/wp\/v2\/product\/24306","targetHints":{"allow":["GET"]}}],"collection":[{"href":"https:\/\/promak.si\/hr\/wp-json\/wp\/v2\/product"}],"about":[{"href":"https:\/\/promak.si\/hr\/wp-json\/wp\/v2\/types\/product"}],"wp:featuredmedia":[{"embeddable":true,"href":"https:\/\/promak.si\/hr\/wp-json\/wp\/v2\/media\/23786"}],"wp:attachment":[{"href":"https:\/\/promak.si\/hr\/wp-json\/wp\/v2\/media?parent=24306"}],"wp:term":[{"taxonomy":"product_brand","embeddable":true,"href":"https:\/\/promak.si\/hr\/wp-json\/wp\/v2\/product_brand?post=24306"},{"taxonomy":"product_cat","embeddable":true,"href":"https:\/\/promak.si\/hr\/wp-json\/wp\/v2\/product_cat?post=24306"},{"taxonomy":"product_tag","embeddable":true,"href":"https:\/\/promak.si\/hr\/wp-json\/wp\/v2\/product_tag?post=24306"}],"curies":[{"name":"wp","href":"https:\/\/api.w.org\/{rel}","templated":true}]}}