{"id":24305,"date":"2025-09-03T14:12:24","date_gmt":"2025-09-03T12:12:24","guid":{"rendered":"https:\/\/promak.si\/trgovina\/nekategorizirano\/rozmarin-soft-x-10-sopek\/"},"modified":"2025-09-15T11:39:26","modified_gmt":"2025-09-15T09:39:26","slug":"rozmarin-soft-x-10-sopek","status":"publish","type":"product","link":"https:\/\/promak.si\/trgovina\/rozmarin-soft-x-10-sopek\/","title":{"rendered":"RO\u017dMARIN SOFT X 10-\u0160OPEK"},"content":{"rendered":"<p>Ta realisti\u010den umetni \u0161opek ro\u017emarina prina\u0161a pridih sve\u017eine v vsak prostor. Listi so natan\u010dno oblikovani, da spominjajo na naravni ro\u017emarin, zato je popoln kot dekoracija za kuhinjo, restavracijo, jedilnico ali rustikalne aran\u017emaje.<\/p>\n<p>Ne potrebuje zalivanja ali posebne nege, hkrati pa ohranja svojo barvo in obliko skozi vse leto.<\/p>\n","protected":false},"excerpt":{"rendered":"<p>Umetni ro\u017emarin \u2013 dekorativni \u0161opek za kuhinjo, jedilnico in rustikalne aran\u017emaje.<\/p>\n","protected":false},"featured_media":23870,"template":"","meta":[],"product_brand":[],"product_cat":[1008,1010,1006],"product_tag":[],"class_list":{"0":"post-24305","1":"product","2":"type-product","3":"status-publish","4":"has-post-thumbnail","6":"product_cat-umetna-hrana","7":"product_cat-zacimbe","8":"product_cat-zelenjava","10":"first","11":"instock","12":"taxable","13":"shipping-taxable","14":"purchasable","15":"product-type-simple"},"_links":{"self":[{"href":"https:\/\/promak.si\/hr\/wp-json\/wp\/v2\/product\/24305","targetHints":{"allow":["GET"]}}],"collection":[{"href":"https:\/\/promak.si\/hr\/wp-json\/wp\/v2\/product"}],"about":[{"href":"https:\/\/promak.si\/hr\/wp-json\/wp\/v2\/types\/product"}],"wp:featuredmedia":[{"embeddable":true,"href":"https:\/\/promak.si\/hr\/wp-json\/wp\/v2\/media\/23870"}],"wp:attachment":[{"href":"https:\/\/promak.si\/hr\/wp-json\/wp\/v2\/media?parent=24305"}],"wp:term":[{"taxonomy":"product_brand","embeddable":true,"href":"https:\/\/promak.si\/hr\/wp-json\/wp\/v2\/product_brand?post=24305"},{"taxonomy":"product_cat","embeddable":true,"href":"https:\/\/promak.si\/hr\/wp-json\/wp\/v2\/product_cat?post=24305"},{"taxonomy":"product_tag","embeddable":true,"href":"https:\/\/promak.si\/hr\/wp-json\/wp\/v2\/product_tag?post=24305"}],"curies":[{"name":"wp","href":"https:\/\/api.w.org\/{rel}","templated":true}]}}