{"id":24302,"date":"2025-09-03T14:12:00","date_gmt":"2025-09-03T12:12:00","guid":{"rendered":"https:\/\/promak.si\/trgovina\/nekategorizirano\/paradiznik-x-1\/"},"modified":"2026-03-21T01:20:08","modified_gmt":"2026-03-21T00:20:08","slug":"paradiznik-x-1","status":"publish","type":"product","link":"https:\/\/promak.si\/trgovina\/paradiznik-x-1\/","title":{"rendered":"PARADI\u017dNIK X 1"},"content":{"rendered":"<p>Ta umetni paradi\u017enik je oblikovan z izrazitimi rebri in naravno rde\u010do barvo, ki posnema pravi sve\u017e plod. Idealno se ujema kot dekoracija v trgovinah, restavracijah, na kulinari\u010dnih predstavitvah ali doma\u010dih aran\u017emajih.<\/p>\n<p>Izdelan je iz trpe\u017enih materialov, ki zagotavljajo dolgo obstojnost in enostavno vzdr\u017eevanje.<\/p>\n","protected":false},"excerpt":{"rendered":"<p>Umetni paradi\u017enik \u2013 realisti\u010dna dekoracija v obliki rebrastega paradi\u017enika, primerna za kuhinjo, izlo\u017ebe ali aran\u017emaje.<\/p>\n","protected":false},"featured_media":23790,"template":"","meta":[],"product_brand":[],"product_cat":[1008,1006],"product_tag":[],"class_list":{"0":"post-24302","1":"product","2":"type-product","3":"status-publish","4":"has-post-thumbnail","6":"product_cat-umetna-hrana","7":"product_cat-zelenjava","9":"first","10":"instock","11":"taxable","12":"shipping-taxable","13":"purchasable","14":"product-type-simple"},"_links":{"self":[{"href":"https:\/\/promak.si\/hr\/wp-json\/wp\/v2\/product\/24302","targetHints":{"allow":["GET"]}}],"collection":[{"href":"https:\/\/promak.si\/hr\/wp-json\/wp\/v2\/product"}],"about":[{"href":"https:\/\/promak.si\/hr\/wp-json\/wp\/v2\/types\/product"}],"wp:featuredmedia":[{"embeddable":true,"href":"https:\/\/promak.si\/hr\/wp-json\/wp\/v2\/media\/23790"}],"wp:attachment":[{"href":"https:\/\/promak.si\/hr\/wp-json\/wp\/v2\/media?parent=24302"}],"wp:term":[{"taxonomy":"product_brand","embeddable":true,"href":"https:\/\/promak.si\/hr\/wp-json\/wp\/v2\/product_brand?post=24302"},{"taxonomy":"product_cat","embeddable":true,"href":"https:\/\/promak.si\/hr\/wp-json\/wp\/v2\/product_cat?post=24302"},{"taxonomy":"product_tag","embeddable":true,"href":"https:\/\/promak.si\/hr\/wp-json\/wp\/v2\/product_tag?post=24302"}],"curies":[{"name":"wp","href":"https:\/\/api.w.org\/{rel}","templated":true}]}}