{"id":24301,"date":"2025-09-03T14:12:00","date_gmt":"2025-09-03T12:12:00","guid":{"rendered":"https:\/\/promak.si\/trgovina\/nekategorizirano\/pomaranca-d-8-cm-x-1\/"},"modified":"2026-04-25T01:20:36","modified_gmt":"2026-04-24T23:20:36","slug":"pomaranca-d-8-cm-x-1","status":"publish","type":"product","link":"https:\/\/promak.si\/trgovina\/pomaranca-d-8-cm-x-1\/","title":{"rendered":"POMARAN\u010cA D-8 CM X 1"},"content":{"rendered":"<p>Ta umetna pomaran\u010da je izdelana z veliko mero natan\u010dnosti in ima naravno strukturo lupine ter zna\u010dilno oran\u017eno barvo. Je odli\u010dna dekoracija za trgovinske izlo\u017ebe, kulinari\u010dne predstavitve, doma\u010do kuhinjo, restavracije ali ustvarjalne dekorativne aran\u017emaje.<\/p>\n<p>Izdelana je iz kakovostnih materialov, ki zagotavljajo dolgotrajno obstojnost in enostavno vzdr\u017eevanje.<\/p>\n","protected":false},"excerpt":{"rendered":"<p>Umetna pomaran\u010da \u2013 realisti\u010den dekorativni sade\u017e za kuhinjo, trgovino, restavracijo ali aran\u017emaje.<\/p>\n","protected":false},"featured_media":23846,"template":"","meta":[],"product_brand":[],"product_cat":[1005,1008],"product_tag":[],"class_list":{"0":"post-24301","1":"product","2":"type-product","3":"status-publish","4":"has-post-thumbnail","6":"product_cat-sadje","7":"product_cat-umetna-hrana","9":"first","10":"outofstock","11":"taxable","12":"shipping-taxable","13":"purchasable","14":"product-type-simple"},"_links":{"self":[{"href":"https:\/\/promak.si\/hr\/wp-json\/wp\/v2\/product\/24301","targetHints":{"allow":["GET"]}}],"collection":[{"href":"https:\/\/promak.si\/hr\/wp-json\/wp\/v2\/product"}],"about":[{"href":"https:\/\/promak.si\/hr\/wp-json\/wp\/v2\/types\/product"}],"wp:featuredmedia":[{"embeddable":true,"href":"https:\/\/promak.si\/hr\/wp-json\/wp\/v2\/media\/23846"}],"wp:attachment":[{"href":"https:\/\/promak.si\/hr\/wp-json\/wp\/v2\/media?parent=24301"}],"wp:term":[{"taxonomy":"product_brand","embeddable":true,"href":"https:\/\/promak.si\/hr\/wp-json\/wp\/v2\/product_brand?post=24301"},{"taxonomy":"product_cat","embeddable":true,"href":"https:\/\/promak.si\/hr\/wp-json\/wp\/v2\/product_cat?post=24301"},{"taxonomy":"product_tag","embeddable":true,"href":"https:\/\/promak.si\/hr\/wp-json\/wp\/v2\/product_tag?post=24301"}],"curies":[{"name":"wp","href":"https:\/\/api.w.org\/{rel}","templated":true}]}}