{"id":24287,"date":"2025-09-03T14:12:00","date_gmt":"2025-09-03T12:12:00","guid":{"rendered":"https:\/\/promak.si\/trgovina\/nekategorizirano\/kruh-1-2-struce\/"},"modified":"2026-04-25T01:20:35","modified_gmt":"2026-04-24T23:20:35","slug":"kruh-1-2-struce","status":"publish","type":"product","link":"https:\/\/promak.si\/trgovina\/kruh-1-2-struce\/","title":{"rendered":"KRUH 1\/2 \u0160TRUCE + 2x REZINA"},"content":{"rendered":"<p>Ta umetna bageta z dvema rezinama je izjemno realisti\u010dna imitacija sve\u017ee pe\u010denega kruha. Zlatorjava skorja, avtenti\u010dna struktura in natan\u010dno oblikovane rezine ustvarjajo popoln videz pravkar narezanega kruha. Namenjena je dekoraciji v pekarni\u0161kih izlo\u017ebah, restavracijah, hotelih, kulinari\u010dnih sejmih in pri fotografskih predstavitvah hrane.<\/p>\n<p>Izdelana je iz kakovostnega, trpe\u017enega materiala, ki dolgo ohrani svoj videz in ne zahteva posebnega vzdr\u017eevanja. Primerna je tudi kot dopolnilo k umetnim salamam, sirom in zelenjavi pri ustvarjanju privla\u010dnih razstavnih miz.<\/p>\n","protected":false},"excerpt":{"rendered":"<p>Umetna bageta z rezinami \u2013 realisti\u010dna dekoracija kruha za pekarne, restavracije, izlo\u017ebe in kulinari\u010dne predstavitve.<\/p>\n","protected":false},"featured_media":23836,"template":"","meta":[],"product_brand":[],"product_cat":[1009,1008],"product_tag":[],"class_list":{"0":"post-24287","1":"product","2":"type-product","3":"status-publish","4":"has-post-thumbnail","6":"product_cat-pecivo","7":"product_cat-umetna-hrana","9":"first","10":"instock","11":"taxable","12":"shipping-taxable","13":"purchasable","14":"product-type-simple"},"_links":{"self":[{"href":"https:\/\/promak.si\/hr\/wp-json\/wp\/v2\/product\/24287","targetHints":{"allow":["GET"]}}],"collection":[{"href":"https:\/\/promak.si\/hr\/wp-json\/wp\/v2\/product"}],"about":[{"href":"https:\/\/promak.si\/hr\/wp-json\/wp\/v2\/types\/product"}],"wp:featuredmedia":[{"embeddable":true,"href":"https:\/\/promak.si\/hr\/wp-json\/wp\/v2\/media\/23836"}],"wp:attachment":[{"href":"https:\/\/promak.si\/hr\/wp-json\/wp\/v2\/media?parent=24287"}],"wp:term":[{"taxonomy":"product_brand","embeddable":true,"href":"https:\/\/promak.si\/hr\/wp-json\/wp\/v2\/product_brand?post=24287"},{"taxonomy":"product_cat","embeddable":true,"href":"https:\/\/promak.si\/hr\/wp-json\/wp\/v2\/product_cat?post=24287"},{"taxonomy":"product_tag","embeddable":true,"href":"https:\/\/promak.si\/hr\/wp-json\/wp\/v2\/product_tag?post=24287"}],"curies":[{"name":"wp","href":"https:\/\/api.w.org\/{rel}","templated":true}]}}