{"id":24282,"date":"2025-09-03T14:11:43","date_gmt":"2025-09-03T12:11:43","guid":{"rendered":"https:\/\/promak.si\/trgovina\/nekategorizirano\/sir-parmazan-v-kosuh-17x20x10-cm\/"},"modified":"2025-09-15T11:45:09","modified_gmt":"2025-09-15T09:45:09","slug":"sir-parmazan-v-kosuh-17x20x10-cm","status":"publish","type":"product","link":"https:\/\/promak.si\/trgovina\/sir-parmazan-v-kosuh-17x20x10-cm\/","title":{"rendered":"SIR PARMAZAN V KOSUH-17X20X10 CM"},"content":{"rendered":"<p>Ta umetni kos parmezana je izdelan z natan\u010dnimi detajli, ki posnemajo zna\u010dilen videz pravega zorjenega sira. Na povr\u0161ini so vidne realisti\u010dne teksture in vtisnjeni napisi na zunanji skorji, kar ustvarja avtenti\u010den videz. Odli\u010den je kot dekorativni sir za kuhinjo, restavracije, vinske kleti, hotelske zajtrke, trgovinske izlo\u017ebe ali kulinari\u010dne predstavitve.<\/p>\n<p>Izdelan je iz kakovostnega, trpe\u017enega materiala, ki ne potrebuje posebnega vzdr\u017eevanja in dolgo ohrani svojo barvo ter obliko. To umetno \u017eivilo za dekoracijo je popolna re\u0161itev za vse, ki \u017eelijo realisti\u010den prikaz brez uporabe prave hrane.<\/p>\n","protected":false},"excerpt":{"rendered":"<p>Umetni sir \u2013 realisti\u010den kos parmezana za dekoracijo miz, restavracij, hotelov, kulinari\u010dnih predstavitev in izlo\u017eb.<\/p>\n","protected":false},"featured_media":23800,"template":"","meta":[],"product_brand":[],"product_cat":[1007,1008],"product_tag":[],"class_list":{"0":"post-24282","1":"product","2":"type-product","3":"status-publish","4":"has-post-thumbnail","6":"product_cat-mesnine","7":"product_cat-umetna-hrana","9":"first","10":"instock","11":"taxable","12":"shipping-taxable","13":"purchasable","14":"product-type-simple"},"_links":{"self":[{"href":"https:\/\/promak.si\/hr\/wp-json\/wp\/v2\/product\/24282","targetHints":{"allow":["GET"]}}],"collection":[{"href":"https:\/\/promak.si\/hr\/wp-json\/wp\/v2\/product"}],"about":[{"href":"https:\/\/promak.si\/hr\/wp-json\/wp\/v2\/types\/product"}],"wp:featuredmedia":[{"embeddable":true,"href":"https:\/\/promak.si\/hr\/wp-json\/wp\/v2\/media\/23800"}],"wp:attachment":[{"href":"https:\/\/promak.si\/hr\/wp-json\/wp\/v2\/media?parent=24282"}],"wp:term":[{"taxonomy":"product_brand","embeddable":true,"href":"https:\/\/promak.si\/hr\/wp-json\/wp\/v2\/product_brand?post=24282"},{"taxonomy":"product_cat","embeddable":true,"href":"https:\/\/promak.si\/hr\/wp-json\/wp\/v2\/product_cat?post=24282"},{"taxonomy":"product_tag","embeddable":true,"href":"https:\/\/promak.si\/hr\/wp-json\/wp\/v2\/product_tag?post=24282"}],"curies":[{"name":"wp","href":"https:\/\/api.w.org\/{rel}","templated":true}]}}