{"id":24280,"date":"2025-09-03T14:11:43","date_gmt":"2025-09-03T12:11:43","guid":{"rendered":"https:\/\/promak.si\/trgovina\/nekategorizirano\/klobasa-bela-20-cm-x-1-ring\/"},"modified":"2026-04-16T01:20:09","modified_gmt":"2026-04-15T23:20:09","slug":"klobasa-bela-20-cm-x-1-ring","status":"publish","type":"product","link":"https:\/\/promak.si\/trgovina\/klobasa-bela-20-cm-x-1-ring\/","title":{"rendered":"KLOBASA BELA 20 CM X 1 RING"},"content":{"rendered":"<p>Ta umetna suha klobasa v podkvasti obliki je zasnovana tako, da verno posnema videz prave zorjene mesnine. Zna\u010dilna rde\u010dkasto-rjava barva pod belim nanosom daje vtis naravno zorjene klobase, medtem ko realisti\u010dna tekstura povr\u0161ine in oblika ustvarjata popolnoma avtenti\u010den videz. Odli\u010dna je kot dekorativna mesnina v kuhinji, restavracijah, hotelskih zajtrkih, mesnicah, trgovinskih izlo\u017ebah ali kot rekvizit pri fotografiranju hrane.<\/p>\n<p>Izdelana je iz kakovostnega, trpe\u017enega materiala, ki dolgo ohrani svojo obliko in barvo brez posebnega vzdr\u017eevanja. To umetno \u017eivilo za dekoracijo je prakti\u010dna re\u0161itev za vse, ki \u017eelijo ustvariti naraven ambient ali predstavitev brez uporabe prave hrane.<\/p>\n","protected":false},"excerpt":{"rendered":"<p>Umetna suha klobasa \u2013 dekoracija mesnin v podkvasti obliki z belim nanosom, primerna za kuhinjo, restavracije, hotele in trgovinske izlo\u017ebe.<\/p>\n","protected":false},"featured_media":23820,"template":"","meta":[],"product_brand":[],"product_cat":[1008,1007],"product_tag":[],"class_list":{"0":"post-24280","1":"product","2":"type-product","3":"status-publish","4":"has-post-thumbnail","6":"product_cat-umetna-hrana","7":"product_cat-mesnine","9":"first","10":"instock","11":"taxable","12":"shipping-taxable","13":"purchasable","14":"product-type-simple"},"_links":{"self":[{"href":"https:\/\/promak.si\/hr\/wp-json\/wp\/v2\/product\/24280","targetHints":{"allow":["GET"]}}],"collection":[{"href":"https:\/\/promak.si\/hr\/wp-json\/wp\/v2\/product"}],"about":[{"href":"https:\/\/promak.si\/hr\/wp-json\/wp\/v2\/types\/product"}],"wp:featuredmedia":[{"embeddable":true,"href":"https:\/\/promak.si\/hr\/wp-json\/wp\/v2\/media\/23820"}],"wp:attachment":[{"href":"https:\/\/promak.si\/hr\/wp-json\/wp\/v2\/media?parent=24280"}],"wp:term":[{"taxonomy":"product_brand","embeddable":true,"href":"https:\/\/promak.si\/hr\/wp-json\/wp\/v2\/product_brand?post=24280"},{"taxonomy":"product_cat","embeddable":true,"href":"https:\/\/promak.si\/hr\/wp-json\/wp\/v2\/product_cat?post=24280"},{"taxonomy":"product_tag","embeddable":true,"href":"https:\/\/promak.si\/hr\/wp-json\/wp\/v2\/product_tag?post=24280"}],"curies":[{"name":"wp","href":"https:\/\/api.w.org\/{rel}","templated":true}]}}