{"id":24278,"date":"2025-09-03T14:11:43","date_gmt":"2025-09-03T12:11:43","guid":{"rendered":"https:\/\/promak.si\/trgovina\/nekategorizirano\/brzola-rdeca-18-cm-x-1\/"},"modified":"2026-02-12T01:25:14","modified_gmt":"2026-02-12T00:25:14","slug":"brzola-rdeca-18-cm-x-1","status":"publish","type":"product","link":"https:\/\/promak.si\/trgovina\/brzola-rdeca-18-cm-x-1\/","title":{"rendered":"BR\u017dOLA  RDE\u010cA 18 CM X 1"},"content":{"rendered":"<p>Ta umetna salama v mre\u017ei je zasnovana z natan\u010dnimi detajli, ki posnemajo videz prave suhe salame. Rde\u010dkasto-rjava barva, naravna tekstura povr\u0161ine in dekorativna mre\u017ea ustvarjajo popolnoma avtenti\u010den videz. Odli\u010dna je kot dekorativna mesnina v kuhinji, restavracijah, hotelskih zajtrkih, trgovinskih izlo\u017ebah ali kot rekvizit pri fotografiranju hrane.<\/p>\n<p>Izdelana je iz kakovostnega in trpe\u017enega materiala, ki dolgo ohrani svojo obliko in barvo brez posebnega vzdr\u017eevanja. To umetno \u017eivilo za dekoracijo je prakti\u010dna re\u0161itev za vse, ki \u017eelijo estetsko dovr\u0161eno predstavitev brez uporabe prave hrane.<\/p>\n","protected":false},"excerpt":{"rendered":"<p>Umetna salama v mre\u017ei \u2013 realisti\u010dna dekoracija mesnin za kuhinjo, restavracije, hotele in trgovinske izlo\u017ebe.<\/p>\n","protected":false},"featured_media":23816,"template":"","meta":[],"product_brand":[],"product_cat":[1008,1007],"product_tag":[],"class_list":{"0":"post-24278","1":"product","2":"type-product","3":"status-publish","4":"has-post-thumbnail","6":"product_cat-umetna-hrana","7":"product_cat-mesnine","9":"first","10":"instock","11":"taxable","12":"shipping-taxable","13":"purchasable","14":"product-type-simple"},"_links":{"self":[{"href":"https:\/\/promak.si\/hr\/wp-json\/wp\/v2\/product\/24278","targetHints":{"allow":["GET"]}}],"collection":[{"href":"https:\/\/promak.si\/hr\/wp-json\/wp\/v2\/product"}],"about":[{"href":"https:\/\/promak.si\/hr\/wp-json\/wp\/v2\/types\/product"}],"wp:featuredmedia":[{"embeddable":true,"href":"https:\/\/promak.si\/hr\/wp-json\/wp\/v2\/media\/23816"}],"wp:attachment":[{"href":"https:\/\/promak.si\/hr\/wp-json\/wp\/v2\/media?parent=24278"}],"wp:term":[{"taxonomy":"product_brand","embeddable":true,"href":"https:\/\/promak.si\/hr\/wp-json\/wp\/v2\/product_brand?post=24278"},{"taxonomy":"product_cat","embeddable":true,"href":"https:\/\/promak.si\/hr\/wp-json\/wp\/v2\/product_cat?post=24278"},{"taxonomy":"product_tag","embeddable":true,"href":"https:\/\/promak.si\/hr\/wp-json\/wp\/v2\/product_tag?post=24278"}],"curies":[{"name":"wp","href":"https:\/\/api.w.org\/{rel}","templated":true}]}}