{"id":24274,"date":"2025-09-03T14:11:43","date_gmt":"2025-09-03T12:11:43","guid":{"rendered":"https:\/\/promak.si\/trgovina\/nekategorizirano\/buca-oranz-h-20d-14-cm\/"},"modified":"2025-09-03T14:21:12","modified_gmt":"2025-09-03T12:21:12","slug":"buca-oranz-h-20d-14-cm","status":"publish","type":"product","link":"https:\/\/promak.si\/trgovina\/buca-oranz-h-20d-14-cm\/","title":{"rendered":"BU\u010cA ORAN\u017d H-20,D-14 CM"},"content":{"rendered":"<p>Ta umetna bu\u010da je izdelana z natan\u010dnimi detajli, ki posnemajo naravno teksturo in barvo prave bu\u010de. Njena okrogla oblika, \u017eivahna oran\u017ena barva z rumenkastimi lisami ter realisti\u010den ukrivljen pecelj ustvarjajo popolnoma avtenti\u010den videz. Odli\u010dna je kot dekorativna zelenjava v kuhinji, restavracijah, hotelskih zajtrkih, trgovinskih izlo\u017ebah ali kot jesenska in Halloween dekoracija.<\/p>\n<p>Izdelana je iz kakovostnega in trpe\u017enega materiala, ki ne potrebuje posebnega vzdr\u017eevanja in dolgo ohrani naraven videz. To umetno \u017eivilo za dekoracijo je prakti\u010dna re\u0161itev za vse, ki \u017eelijo ustvariti topel in naraven ambient brez kvarjenja prave zelenjave.<\/p>\n","protected":false},"excerpt":{"rendered":"<p>Umetna bu\u010da \u2013 realisti\u010dna okrogla dekoracija zelenjave za kuhinjo, restavracije, hotele, izlo\u017ebe in jesenske aran\u017emaje.<\/p>\n","protected":false},"featured_media":24226,"template":"","meta":[],"product_brand":[],"product_cat":[1008,1006],"product_tag":[],"class_list":{"0":"post-24274","1":"product","2":"type-product","3":"status-publish","4":"has-post-thumbnail","6":"product_cat-umetna-hrana","7":"product_cat-zelenjava","9":"first","10":"instock","11":"taxable","12":"shipping-taxable","13":"purchasable","14":"product-type-simple"},"_links":{"self":[{"href":"https:\/\/promak.si\/hr\/wp-json\/wp\/v2\/product\/24274","targetHints":{"allow":["GET"]}}],"collection":[{"href":"https:\/\/promak.si\/hr\/wp-json\/wp\/v2\/product"}],"about":[{"href":"https:\/\/promak.si\/hr\/wp-json\/wp\/v2\/types\/product"}],"wp:featuredmedia":[{"embeddable":true,"href":"https:\/\/promak.si\/hr\/wp-json\/wp\/v2\/media\/24226"}],"wp:attachment":[{"href":"https:\/\/promak.si\/hr\/wp-json\/wp\/v2\/media?parent=24274"}],"wp:term":[{"taxonomy":"product_brand","embeddable":true,"href":"https:\/\/promak.si\/hr\/wp-json\/wp\/v2\/product_brand?post=24274"},{"taxonomy":"product_cat","embeddable":true,"href":"https:\/\/promak.si\/hr\/wp-json\/wp\/v2\/product_cat?post=24274"},{"taxonomy":"product_tag","embeddable":true,"href":"https:\/\/promak.si\/hr\/wp-json\/wp\/v2\/product_tag?post=24274"}],"curies":[{"name":"wp","href":"https:\/\/api.w.org\/{rel}","templated":true}]}}