{"id":24269,"date":"2025-09-03T14:11:43","date_gmt":"2025-09-03T12:11:43","guid":{"rendered":"https:\/\/promak.si\/trgovina\/nekategorizirano\/drobnjak-sop-x-4-h-30-cm\/"},"modified":"2025-09-03T14:21:12","modified_gmt":"2025-09-03T12:21:12","slug":"drobnjak-sop-x-4-h-30-cm","status":"publish","type":"product","link":"https:\/\/promak.si\/trgovina\/drobnjak-sop-x-4-h-30-cm\/","title":{"rendered":"DROBNJAK \u0160OP X 4 H-30 CM"},"content":{"rendered":"<p>Ta umetni \u0161op drobnjaka je oblikovan z izjemnimi detajli, ki posnemajo tanke zelene liste sve\u017eega drobnjaka. Naravna barva in tekstura stebel ustvarjata avtenti\u010den videz, zaradi \u010desar je idealen kot dekorativna zelenjava v kuhinji, restavracijah, hotelskih zajtrkih, trgovinskih izlo\u017ebah ali kot rekvizit pri fotografiranju hrane.<\/p>\n<p>Izdelan je iz kakovostnega in trpe\u017enega materiala, ki dolgo ohrani svoj naraven videz brez posebnega vzdr\u017eevanja. To umetno \u017eivilo za dekoracijo je odli\u010dna re\u0161itev za vse, ki \u017eelijo ustvariti sve\u017e in naraven ambient brez kvarjenja prave zelenjave.<\/p>\n","protected":false},"excerpt":{"rendered":"<p>Umetni \u0161op drobnjaka \u2013 realisti\u010dna dekoracija zelenjave za kuhinjo, hotele, restavracije in trgovinske izlo\u017ebe.<\/p>\n","protected":false},"featured_media":24184,"template":"","meta":[],"product_brand":[],"product_cat":[1008,1006],"product_tag":[],"class_list":{"0":"post-24269","1":"product","2":"type-product","3":"status-publish","4":"has-post-thumbnail","6":"product_cat-umetna-hrana","7":"product_cat-zelenjava","9":"first","10":"instock","11":"taxable","12":"shipping-taxable","13":"purchasable","14":"product-type-simple"},"_links":{"self":[{"href":"https:\/\/promak.si\/hr\/wp-json\/wp\/v2\/product\/24269","targetHints":{"allow":["GET"]}}],"collection":[{"href":"https:\/\/promak.si\/hr\/wp-json\/wp\/v2\/product"}],"about":[{"href":"https:\/\/promak.si\/hr\/wp-json\/wp\/v2\/types\/product"}],"wp:featuredmedia":[{"embeddable":true,"href":"https:\/\/promak.si\/hr\/wp-json\/wp\/v2\/media\/24184"}],"wp:attachment":[{"href":"https:\/\/promak.si\/hr\/wp-json\/wp\/v2\/media?parent=24269"}],"wp:term":[{"taxonomy":"product_brand","embeddable":true,"href":"https:\/\/promak.si\/hr\/wp-json\/wp\/v2\/product_brand?post=24269"},{"taxonomy":"product_cat","embeddable":true,"href":"https:\/\/promak.si\/hr\/wp-json\/wp\/v2\/product_cat?post=24269"},{"taxonomy":"product_tag","embeddable":true,"href":"https:\/\/promak.si\/hr\/wp-json\/wp\/v2\/product_tag?post=24269"}],"curies":[{"name":"wp","href":"https:\/\/api.w.org\/{rel}","templated":true}]}}