{"id":24264,"date":"2025-09-03T14:11:21","date_gmt":"2025-09-03T12:11:21","guid":{"rendered":"https:\/\/promak.si\/trgovina\/nekategorizirano\/solata-zeleno-rdeca-sop-h-15d-18\/"},"modified":"2025-11-07T01:20:10","modified_gmt":"2025-11-07T00:20:10","slug":"solata-zeleno-rdeca-sop-h-15d-18","status":"publish","type":"product","link":"https:\/\/promak.si\/trgovina\/solata-zeleno-rdeca-sop-h-15d-18\/","title":{"rendered":"SOLATA ZELENO-RDE\u010cA \u0160OP H-15,D-18"},"content":{"rendered":"<p>Ta umetna solata je oblikovana z izjemnimi detajli, ki posnemajo naravne liste prave solate. Zeleni odtenki, prehajajo\u010di v rde\u010dkasto-rjave robove, dajejo listom avtenti\u010den videz in ob\u010dutek sve\u017eine. Idealna je kot dekorativna zelenjava v kuhinji, restavracijah, hotelskih zajtrkih, trgovinskih izlo\u017ebah ali kot rekvizit pri fotografiranju hrane.<\/p>\n<p>Izdelana je iz kakovostnega in trpe\u017enega materiala, ki ne zahteva nobenega vzdr\u017eevanja in dolgo ohrani realisti\u010den videz. To umetno \u017eivilo za dekoracijo je prakti\u010dna re\u0161itev za vse, ki \u017eelijo naraven videz brez kvarjenja prave zelenjave.<\/p>\n","protected":false},"excerpt":{"rendered":"<p>Umetna solata \u2013 realisti\u010dna dekoracija zelenjave za kuhinjo, restavracije, hotele in trgovinske izlo\u017ebe.<\/p>\n","protected":false},"featured_media":24190,"template":"","meta":[],"product_brand":[],"product_cat":[1008,1006],"product_tag":[],"class_list":{"0":"post-24264","1":"product","2":"type-product","3":"status-publish","4":"has-post-thumbnail","6":"product_cat-umetna-hrana","7":"product_cat-zelenjava","9":"first","10":"instock","11":"taxable","12":"shipping-taxable","13":"purchasable","14":"product-type-simple"},"_links":{"self":[{"href":"https:\/\/promak.si\/hr\/wp-json\/wp\/v2\/product\/24264","targetHints":{"allow":["GET"]}}],"collection":[{"href":"https:\/\/promak.si\/hr\/wp-json\/wp\/v2\/product"}],"about":[{"href":"https:\/\/promak.si\/hr\/wp-json\/wp\/v2\/types\/product"}],"wp:featuredmedia":[{"embeddable":true,"href":"https:\/\/promak.si\/hr\/wp-json\/wp\/v2\/media\/24190"}],"wp:attachment":[{"href":"https:\/\/promak.si\/hr\/wp-json\/wp\/v2\/media?parent=24264"}],"wp:term":[{"taxonomy":"product_brand","embeddable":true,"href":"https:\/\/promak.si\/hr\/wp-json\/wp\/v2\/product_brand?post=24264"},{"taxonomy":"product_cat","embeddable":true,"href":"https:\/\/promak.si\/hr\/wp-json\/wp\/v2\/product_cat?post=24264"},{"taxonomy":"product_tag","embeddable":true,"href":"https:\/\/promak.si\/hr\/wp-json\/wp\/v2\/product_tag?post=24264"}],"curies":[{"name":"wp","href":"https:\/\/api.w.org\/{rel}","templated":true}]}}