{"id":24263,"date":"2025-09-03T14:11:21","date_gmt":"2025-09-03T12:11:21","guid":{"rendered":"https:\/\/promak.si\/trgovina\/nekategorizirano\/cvetaca-h-10-d-15-x-1\/"},"modified":"2026-02-24T01:20:14","modified_gmt":"2026-02-24T00:20:14","slug":"cvetaca-h-10-d-15-x-1","status":"publish","type":"product","link":"https:\/\/promak.si\/trgovina\/cvetaca-h-10-d-15-x-1\/","title":{"rendered":"CVETA\u010cA H-10, D-15 X 1"},"content":{"rendered":"<p>Umetna cveta\u010da je izdelana z veliko mero natan\u010dnosti, ki posnema naravno strukturo in barvo prave cveta\u010de. Bela povr\u0161ina z zna\u010dilnimi cvetovi in zelenimi listi ustvarja popolnoma realisti\u010den videz. Odli\u010dna je kot dekorativna zelenjava v kuhinji, hotelskih zajtrkih, restavracijah, trgovinskih izlo\u017ebah ali kot rekvizit pri fotografiranju hrane.<\/p>\n<p>Izdelana je iz kakovostnega in trpe\u017enega materiala, ki ne zahteva nobenega vzdr\u017eevanja in dolgo ohrani sve\u017e videz. To umetno \u017eivilo za dekoracijo je prakti\u010dna re\u0161itev za vse, ki \u017eelijo naraven in estetski videz brez kvarjenja prave zelenjave.<\/p>\n","protected":false},"excerpt":{"rendered":"<p>Umetna cveta\u010da \u2013 realisti\u010dna dekoracija zelenjave za kuhinjo, restavracije, hotele in trgovinske izlo\u017ebe.<\/p>\n","protected":false},"featured_media":23946,"template":"","meta":[],"product_brand":[],"product_cat":[1008,1006],"product_tag":[],"class_list":{"0":"post-24263","1":"product","2":"type-product","3":"status-publish","4":"has-post-thumbnail","6":"product_cat-umetna-hrana","7":"product_cat-zelenjava","9":"first","10":"instock","11":"taxable","12":"shipping-taxable","13":"purchasable","14":"product-type-simple"},"_links":{"self":[{"href":"https:\/\/promak.si\/hr\/wp-json\/wp\/v2\/product\/24263","targetHints":{"allow":["GET"]}}],"collection":[{"href":"https:\/\/promak.si\/hr\/wp-json\/wp\/v2\/product"}],"about":[{"href":"https:\/\/promak.si\/hr\/wp-json\/wp\/v2\/types\/product"}],"wp:featuredmedia":[{"embeddable":true,"href":"https:\/\/promak.si\/hr\/wp-json\/wp\/v2\/media\/23946"}],"wp:attachment":[{"href":"https:\/\/promak.si\/hr\/wp-json\/wp\/v2\/media?parent=24263"}],"wp:term":[{"taxonomy":"product_brand","embeddable":true,"href":"https:\/\/promak.si\/hr\/wp-json\/wp\/v2\/product_brand?post=24263"},{"taxonomy":"product_cat","embeddable":true,"href":"https:\/\/promak.si\/hr\/wp-json\/wp\/v2\/product_cat?post=24263"},{"taxonomy":"product_tag","embeddable":true,"href":"https:\/\/promak.si\/hr\/wp-json\/wp\/v2\/product_tag?post=24263"}],"curies":[{"name":"wp","href":"https:\/\/api.w.org\/{rel}","templated":true}]}}