{"id":24262,"date":"2025-09-03T14:11:21","date_gmt":"2025-09-03T12:11:21","guid":{"rendered":"https:\/\/promak.si\/trgovina\/nekategorizirano\/paradiznik-x-2-2-na-vejici-6-cm-rdec\/"},"modified":"2025-09-03T14:21:45","modified_gmt":"2025-09-03T12:21:45","slug":"paradiznik-x-2-2-na-vejici-6-cm-rdec","status":"publish","type":"product","link":"https:\/\/promak.si\/trgovina\/paradiznik-x-2-2-na-vejici-6-cm-rdec\/","title":{"rendered":"PARADI\u017dNIK X 2 2 NA VEJICI 6 CM RDE\u010c"},"content":{"rendered":"<p>Umetni paradi\u017eniki na vejici so \u010dudovita dekoracija, ki s svojo naravno obliko in intenzivno rde\u010do barvo posnemajo videz sve\u017eih paradi\u017enikov. Zelena stebelca in razporeditev plodov na vejici dajejo izjemno realisti\u010den vtis, zaradi \u010desar so odli\u010dni kot dekorativna zelenjava v kuhinji, restavracijah, hotelskih zajtrkih, trgovinskih izlo\u017ebah ali pri fotografiranju hrane.<\/p>\n<p>Izdelani so iz kakovostnega, trpe\u017enega materiala, ki ohrani svojo barvo in obliko dolgo \u010dasa brez posebnega vzdr\u017eevanja. To umetno \u017eivilo za dekoracijo je idealna re\u0161itev za vse, ki \u017eelijo naraven in sve\u017e videz brez kvarjenja prave zelenjave.<\/p>\n","protected":false},"excerpt":{"rendered":"<p>Umetni paradi\u017eniki na vejici \u2013 realisti\u010dna dekoracija zelenjave za kuhinjo, hotele, restavracije in izlo\u017ebe.<\/p>\n","protected":false},"featured_media":23904,"template":"","meta":[],"product_brand":[],"product_cat":[1008,1006],"product_tag":[],"class_list":{"0":"post-24262","1":"product","2":"type-product","3":"status-publish","4":"has-post-thumbnail","6":"product_cat-umetna-hrana","7":"product_cat-zelenjava","9":"first","10":"instock","11":"taxable","12":"shipping-taxable","13":"purchasable","14":"product-type-simple"},"_links":{"self":[{"href":"https:\/\/promak.si\/hr\/wp-json\/wp\/v2\/product\/24262","targetHints":{"allow":["GET"]}}],"collection":[{"href":"https:\/\/promak.si\/hr\/wp-json\/wp\/v2\/product"}],"about":[{"href":"https:\/\/promak.si\/hr\/wp-json\/wp\/v2\/types\/product"}],"wp:featuredmedia":[{"embeddable":true,"href":"https:\/\/promak.si\/hr\/wp-json\/wp\/v2\/media\/23904"}],"wp:attachment":[{"href":"https:\/\/promak.si\/hr\/wp-json\/wp\/v2\/media?parent=24262"}],"wp:term":[{"taxonomy":"product_brand","embeddable":true,"href":"https:\/\/promak.si\/hr\/wp-json\/wp\/v2\/product_brand?post=24262"},{"taxonomy":"product_cat","embeddable":true,"href":"https:\/\/promak.si\/hr\/wp-json\/wp\/v2\/product_cat?post=24262"},{"taxonomy":"product_tag","embeddable":true,"href":"https:\/\/promak.si\/hr\/wp-json\/wp\/v2\/product_tag?post=24262"}],"curies":[{"name":"wp","href":"https:\/\/api.w.org\/{rel}","templated":true}]}}