{"id":24260,"date":"2025-09-03T14:11:21","date_gmt":"2025-09-03T12:11:21","guid":{"rendered":"https:\/\/promak.si\/trgovina\/nekategorizirano\/paprika-rdeca-h-7d-8-cm-x-1\/"},"modified":"2025-09-03T14:21:45","modified_gmt":"2025-09-03T12:21:45","slug":"paprika-rdeca-h-7d-8-cm-x-1","status":"publish","type":"product","link":"https:\/\/promak.si\/trgovina\/paprika-rdeca-h-7d-8-cm-x-1\/","title":{"rendered":"PAPRIKA RDE\u010cA H-7,D-8 CM X 1"},"content":{"rendered":"<p>Umetna rde\u010da paprika je oblikovana z realisti\u010dno teksturo in zna\u010dilno svetle\u010do povr\u0161ino, ki posnema videz sve\u017ee paprike. S svojo \u017eivo rde\u010do barvo in zelenim pecelj\u010dkom je popolna kot dekorativna zelenjava za kuhinjo, hotelske zajtrke, restavracije, trgovinske izlo\u017ebe ali fotografske aran\u017emaje.<\/p>\n<p>Izdelana je iz kakovostnega in trpe\u017enega materiala, ki ne potrebuje posebnega vzdr\u017eevanja in dolgo ohrani sve\u017e videz. To umetno \u017eivilo za dekoracijo je prakti\u010dna re\u0161itev za vse, ki \u017eelijo ustvariti naraven in barvit ambient brez kvarjenja prave zelenjave.<\/p>\n","protected":false},"excerpt":{"rendered":"<p>Umetna rde\u010da paprika \u2013 realisti\u010dna dekoracija zelenjave za kuhinjo, restavracije, hotele in trgovinske izlo\u017ebe.<\/p>\n","protected":false},"featured_media":24162,"template":"","meta":[],"product_brand":[],"product_cat":[1008,1006],"product_tag":[],"class_list":{"0":"post-24260","1":"product","2":"type-product","3":"status-publish","4":"has-post-thumbnail","6":"product_cat-umetna-hrana","7":"product_cat-zelenjava","9":"first","10":"instock","11":"taxable","12":"shipping-taxable","13":"purchasable","14":"product-type-simple"},"_links":{"self":[{"href":"https:\/\/promak.si\/hr\/wp-json\/wp\/v2\/product\/24260","targetHints":{"allow":["GET"]}}],"collection":[{"href":"https:\/\/promak.si\/hr\/wp-json\/wp\/v2\/product"}],"about":[{"href":"https:\/\/promak.si\/hr\/wp-json\/wp\/v2\/types\/product"}],"wp:featuredmedia":[{"embeddable":true,"href":"https:\/\/promak.si\/hr\/wp-json\/wp\/v2\/media\/24162"}],"wp:attachment":[{"href":"https:\/\/promak.si\/hr\/wp-json\/wp\/v2\/media?parent=24260"}],"wp:term":[{"taxonomy":"product_brand","embeddable":true,"href":"https:\/\/promak.si\/hr\/wp-json\/wp\/v2\/product_brand?post=24260"},{"taxonomy":"product_cat","embeddable":true,"href":"https:\/\/promak.si\/hr\/wp-json\/wp\/v2\/product_cat?post=24260"},{"taxonomy":"product_tag","embeddable":true,"href":"https:\/\/promak.si\/hr\/wp-json\/wp\/v2\/product_tag?post=24260"}],"curies":[{"name":"wp","href":"https:\/\/api.w.org\/{rel}","templated":true}]}}