{"id":24259,"date":"2025-09-03T14:11:21","date_gmt":"2025-09-03T12:11:21","guid":{"rendered":"https:\/\/promak.si\/trgovina\/nekategorizirano\/krompir-rdec-l-10d-7-cm-x-1\/"},"modified":"2025-09-16T01:20:09","modified_gmt":"2025-09-15T23:20:09","slug":"krompir-rdec-l-10d-7-cm-x-1","status":"publish","type":"product","link":"https:\/\/promak.si\/trgovina\/krompir-rdec-l-10d-7-cm-x-1\/","title":{"rendered":"KROMPIR RDE\u010c L-10,D-7 CM X 1"},"content":{"rendered":"<p>Ta umetni krompir rde\u010de barve je oblikovan z realisti\u010dno teksturo in detajli, ki posnemajo naravne nepravilnosti pravega gomolja. Zaradi avtenti\u010dnega videza je idealen kot dekorativna zelenjava v kuhinji, hotelskih zajtrkih, restavracijah, trgovinskih izlo\u017ebah ali pri fotografiranju hrane.<\/p>\n<p>Izdelan je iz kakovostnega, trpe\u017enega materiala, ki dolgo ohrani svojo obliko in barvo brez posebnega vzdr\u017eevanja. To umetno \u017eivilo za dekoracijo je odli\u010dna re\u0161itev za vse, ki \u017eelijo ustvariti naraven videz brez kvarjenja prave zelenjave.<\/p>\n","protected":false},"excerpt":{"rendered":"<p>Umetni krompir rde\u010de barve \u2013 realisti\u010dna dekoracija zelenjave za kuhinjo, restavracije, hotele in trgovinske izlo\u017ebe.<\/p>\n","protected":false},"featured_media":23976,"template":"","meta":[],"product_brand":[],"product_cat":[1008,1006],"product_tag":[],"class_list":{"0":"post-24259","1":"product","2":"type-product","3":"status-publish","4":"has-post-thumbnail","6":"product_cat-umetna-hrana","7":"product_cat-zelenjava","9":"first","10":"instock","11":"taxable","12":"shipping-taxable","13":"purchasable","14":"product-type-simple"},"_links":{"self":[{"href":"https:\/\/promak.si\/hr\/wp-json\/wp\/v2\/product\/24259","targetHints":{"allow":["GET"]}}],"collection":[{"href":"https:\/\/promak.si\/hr\/wp-json\/wp\/v2\/product"}],"about":[{"href":"https:\/\/promak.si\/hr\/wp-json\/wp\/v2\/types\/product"}],"wp:featuredmedia":[{"embeddable":true,"href":"https:\/\/promak.si\/hr\/wp-json\/wp\/v2\/media\/23976"}],"wp:attachment":[{"href":"https:\/\/promak.si\/hr\/wp-json\/wp\/v2\/media?parent=24259"}],"wp:term":[{"taxonomy":"product_brand","embeddable":true,"href":"https:\/\/promak.si\/hr\/wp-json\/wp\/v2\/product_brand?post=24259"},{"taxonomy":"product_cat","embeddable":true,"href":"https:\/\/promak.si\/hr\/wp-json\/wp\/v2\/product_cat?post=24259"},{"taxonomy":"product_tag","embeddable":true,"href":"https:\/\/promak.si\/hr\/wp-json\/wp\/v2\/product_tag?post=24259"}],"curies":[{"name":"wp","href":"https:\/\/api.w.org\/{rel}","templated":true}]}}