{"id":24256,"date":"2025-09-03T14:11:21","date_gmt":"2025-09-03T12:11:21","guid":{"rendered":"https:\/\/promak.si\/trgovina\/nekategorizirano\/kiwi-natur-h-8d-6-cm-x-1\/"},"modified":"2026-03-14T01:25:09","modified_gmt":"2026-03-14T00:25:09","slug":"kiwi-natur-h-8d-6-cm-x-1","status":"publish","type":"product","link":"https:\/\/promak.si\/trgovina\/kiwi-natur-h-8d-6-cm-x-1\/","title":{"rendered":"KIWI NATUR H-8,D-6 CM X 1"},"content":{"rendered":"<p>Ta umetni kivi je izdelan z izjemno natan\u010dnostjo in realisti\u010dno teksturo, ki posnema zna\u010dilno kosmato lupino pravega sade\u017ea. Zaradi naravne rjave barve in avtenti\u010dnega videza je popoln kot dekorativno sadje v kuhinji, hotelskih zajtrkih, restavracijah, trgovinskih izlo\u017ebah ali kot rekvizit pri fotografiranju hrane.<\/p>\n<p>Izdelan je iz kakovostnega in trpe\u017enega materiala, ki ne potrebuje posebnega vzdr\u017eevanja in dolgo ohrani naraven videz. To umetno sadje za dekoracijo je prakti\u010dna re\u0161itev za vse, ki \u017eelijo ustvariti sve\u017e in naraven ambient brez kvarjenja pravega sadja.<\/p>\n","protected":false},"excerpt":{"rendered":"<p>Umetni kivi \u2013 realisti\u010dna dekoracija sadja za kuhinjo, hotele, restavracije in trgovinske izlo\u017ebe.<\/p>\n","protected":false},"featured_media":24058,"template":"","meta":[],"product_brand":[],"product_cat":[1008,1005],"product_tag":[],"class_list":{"0":"post-24256","1":"product","2":"type-product","3":"status-publish","4":"has-post-thumbnail","6":"product_cat-umetna-hrana","7":"product_cat-sadje","9":"first","10":"instock","11":"taxable","12":"shipping-taxable","13":"purchasable","14":"product-type-simple"},"_links":{"self":[{"href":"https:\/\/promak.si\/hr\/wp-json\/wp\/v2\/product\/24256","targetHints":{"allow":["GET"]}}],"collection":[{"href":"https:\/\/promak.si\/hr\/wp-json\/wp\/v2\/product"}],"about":[{"href":"https:\/\/promak.si\/hr\/wp-json\/wp\/v2\/types\/product"}],"wp:featuredmedia":[{"embeddable":true,"href":"https:\/\/promak.si\/hr\/wp-json\/wp\/v2\/media\/24058"}],"wp:attachment":[{"href":"https:\/\/promak.si\/hr\/wp-json\/wp\/v2\/media?parent=24256"}],"wp:term":[{"taxonomy":"product_brand","embeddable":true,"href":"https:\/\/promak.si\/hr\/wp-json\/wp\/v2\/product_brand?post=24256"},{"taxonomy":"product_cat","embeddable":true,"href":"https:\/\/promak.si\/hr\/wp-json\/wp\/v2\/product_cat?post=24256"},{"taxonomy":"product_tag","embeddable":true,"href":"https:\/\/promak.si\/hr\/wp-json\/wp\/v2\/product_tag?post=24256"}],"curies":[{"name":"wp","href":"https:\/\/api.w.org\/{rel}","templated":true}]}}