{"id":24253,"date":"2025-09-03T14:11:21","date_gmt":"2025-09-03T12:11:21","guid":{"rendered":"https:\/\/promak.si\/trgovina\/nekategorizirano\/limeta-z-listom-10-cm-zelena\/"},"modified":"2026-02-24T01:20:14","modified_gmt":"2026-02-24T00:20:14","slug":"limeta-z-listom-10-cm-zelena","status":"publish","type":"product","link":"https:\/\/promak.si\/trgovina\/limeta-z-listom-10-cm-zelena\/","title":{"rendered":"LIMETA Z LISTOM 10 CM ZELENA"},"content":{"rendered":"<p>Ta umetna limona z listi je izjemno realisti\u010dna dekoracija, ki s svojo \u017eivahno rumeno-zeleno barvo in naravno oblikovanimi listi posnema videz sve\u017ee limone. Zaradi detajlov, kot so hrapava povr\u0161ina in naravni barvni prehodi, je idealna kot dekorativno sadje v kuhinji, restavracijah, hotelskih zajtrkih, trgovinskih izlo\u017ebah ali pri fotografiranju hrane.<\/p>\n<p>Izdelana je iz kakovostnega, trpe\u017enega materiala, ki ne potrebuje vzdr\u017eevanja, hkrati pa dolgo ohrani sve\u017e videz. To umetno sadje za dekoracijo je odli\u010dna re\u0161itev za vse, ki \u017eelijo estetsko dovr\u0161ene aran\u017emaje brez kvarjenja pravega sadja.<\/p>\n","protected":false},"excerpt":{"rendered":"<p>Umetna limona z listi \u2013 realisti\u010dna dekoracija sadja za dom, restavracije, hotele in trgovinske izlo\u017ebe.<\/p>\n","protected":false},"featured_media":24002,"template":"","meta":[],"product_brand":[],"product_cat":[1008,1005],"product_tag":[],"class_list":{"0":"post-24253","1":"product","2":"type-product","3":"status-publish","4":"has-post-thumbnail","6":"product_cat-umetna-hrana","7":"product_cat-sadje","9":"first","10":"instock","11":"taxable","12":"shipping-taxable","13":"purchasable","14":"product-type-simple"},"_links":{"self":[{"href":"https:\/\/promak.si\/hr\/wp-json\/wp\/v2\/product\/24253","targetHints":{"allow":["GET"]}}],"collection":[{"href":"https:\/\/promak.si\/hr\/wp-json\/wp\/v2\/product"}],"about":[{"href":"https:\/\/promak.si\/hr\/wp-json\/wp\/v2\/types\/product"}],"wp:featuredmedia":[{"embeddable":true,"href":"https:\/\/promak.si\/hr\/wp-json\/wp\/v2\/media\/24002"}],"wp:attachment":[{"href":"https:\/\/promak.si\/hr\/wp-json\/wp\/v2\/media?parent=24253"}],"wp:term":[{"taxonomy":"product_brand","embeddable":true,"href":"https:\/\/promak.si\/hr\/wp-json\/wp\/v2\/product_brand?post=24253"},{"taxonomy":"product_cat","embeddable":true,"href":"https:\/\/promak.si\/hr\/wp-json\/wp\/v2\/product_cat?post=24253"},{"taxonomy":"product_tag","embeddable":true,"href":"https:\/\/promak.si\/hr\/wp-json\/wp\/v2\/product_tag?post=24253"}],"curies":[{"name":"wp","href":"https:\/\/api.w.org\/{rel}","templated":true}]}}