{"id":24250,"date":"2025-09-03T14:11:21","date_gmt":"2025-09-03T12:11:21","guid":{"rendered":"https:\/\/promak.si\/trgovina\/nekategorizirano\/pomaranca-dukecvetki-d-13-cm-x-1\/"},"modified":"2026-04-04T01:20:08","modified_gmt":"2026-04-03T23:20:08","slug":"pomaranca-dukecvetki-d-13-cm-x-1","status":"publish","type":"product","link":"https:\/\/promak.si\/trgovina\/pomaranca-dukecvetki-d-13-cm-x-1\/","title":{"rendered":"POMARAN\u010cA DUKE+CVETKI D-13 CM X 1"},"content":{"rendered":"<p>Ta umetna pomaran\u010da z listi in belim cvetom je izjemno realisti\u010dna dekoracija, ki doda prostoru sve\u017eino in eleganco. Zaradi natan\u010dne teksture lupine, naravne oran\u017ene barve ter dodatka listov in cveta je popolna za dekorativno sadje v kuhinji, restavracijah, hotelskih zajtrkih, trgovinskih izlo\u017ebah ali pri fotografiranju hrane.<\/p>\n<p>Izdelana je iz kakovostnega materiala, ki je trpe\u017een, enostaven za \u010di\u0161\u010denje in ne potrebuje posebnega vzdr\u017eevanja. Pomaran\u010da ohrani svojo barvo in obliko skozi leta, zato je odli\u010dna alternativa pravemu sadju, ki se hitro pokvari.<\/p>\n","protected":false},"excerpt":{"rendered":"<p>Umetna pomaran\u010da z listi in cvetom \u2013 realisti\u010dna dekoracija sadja za dom, izlo\u017ebe in restavracije.<\/p>\n","protected":false},"featured_media":23884,"template":"","meta":[],"product_brand":[],"product_cat":[1008,1005],"product_tag":[],"class_list":{"0":"post-24250","1":"product","2":"type-product","3":"status-publish","4":"has-post-thumbnail","6":"product_cat-umetna-hrana","7":"product_cat-sadje","9":"first","10":"instock","11":"taxable","12":"shipping-taxable","13":"purchasable","14":"product-type-simple"},"_links":{"self":[{"href":"https:\/\/promak.si\/hr\/wp-json\/wp\/v2\/product\/24250","targetHints":{"allow":["GET"]}}],"collection":[{"href":"https:\/\/promak.si\/hr\/wp-json\/wp\/v2\/product"}],"about":[{"href":"https:\/\/promak.si\/hr\/wp-json\/wp\/v2\/types\/product"}],"wp:featuredmedia":[{"embeddable":true,"href":"https:\/\/promak.si\/hr\/wp-json\/wp\/v2\/media\/23884"}],"wp:attachment":[{"href":"https:\/\/promak.si\/hr\/wp-json\/wp\/v2\/media?parent=24250"}],"wp:term":[{"taxonomy":"product_brand","embeddable":true,"href":"https:\/\/promak.si\/hr\/wp-json\/wp\/v2\/product_brand?post=24250"},{"taxonomy":"product_cat","embeddable":true,"href":"https:\/\/promak.si\/hr\/wp-json\/wp\/v2\/product_cat?post=24250"},{"taxonomy":"product_tag","embeddable":true,"href":"https:\/\/promak.si\/hr\/wp-json\/wp\/v2\/product_tag?post=24250"}],"curies":[{"name":"wp","href":"https:\/\/api.w.org\/{rel}","templated":true}]}}