{"id":24247,"date":"2025-09-03T14:11:21","date_gmt":"2025-09-03T12:11:21","guid":{"rendered":"https:\/\/promak.si\/trgovina\/nekategorizirano\/jabolko-d-8-cm-x-1-svetlo-rdec\/"},"modified":"2026-04-25T01:20:32","modified_gmt":"2026-04-24T23:20:32","slug":"jabolko-d-8-cm-x-1-svetlo-rdec","status":"publish","type":"product","link":"https:\/\/promak.si\/trgovina\/jabolko-d-8-cm-x-1-svetlo-rdec\/","title":{"rendered":"JABOLKO D-8 CM X 1 SVETLO RDE\u010c"},"content":{"rendered":"<p>Umetno ro\u017enato-rde\u010de jabolko je izdelano z izjemno natan\u010dnostjo in realisti\u010dnimi detajli, ki posnemajo videz pravega sade\u017ea. Ne\u017ene proge in naravna barvna prelivanja poskrbijo, da izgleda kot sve\u017ee obrano jabolko. Odli\u010dno se poda kot dekorativno sadje v kuhinji, dnevni sobi, restavracijah, hotelskih zajtrkih ali trgovinskih izlo\u017ebah.<\/p>\n<p>Izdelano je iz kakovostnega in trpe\u017enega materiala, ki ne zahteva nobenega vzdr\u017eevanja, hkrati pa dolgo ohrani barvo in obliko. To umetno sadje za dekoracijo je popolna izbira za vse, ki \u017eelijo naraven videz brez kvarjenja pravega sadja.<\/p>\n","protected":false},"excerpt":{"rendered":"<p>Umetno ro\u017enato-rde\u010de jabolko \u2013 realisti\u010dna dekoracija sadja za dom, izlo\u017ebe in restavracije.<\/p>\n","protected":false},"featured_media":24090,"template":"","meta":[],"product_brand":[],"product_cat":[1005,1008],"product_tag":[],"class_list":{"0":"post-24247","1":"product","2":"type-product","3":"status-publish","4":"has-post-thumbnail","6":"product_cat-sadje","7":"product_cat-umetna-hrana","9":"first","10":"instock","11":"taxable","12":"shipping-taxable","13":"purchasable","14":"product-type-simple"},"_links":{"self":[{"href":"https:\/\/promak.si\/hr\/wp-json\/wp\/v2\/product\/24247","targetHints":{"allow":["GET"]}}],"collection":[{"href":"https:\/\/promak.si\/hr\/wp-json\/wp\/v2\/product"}],"about":[{"href":"https:\/\/promak.si\/hr\/wp-json\/wp\/v2\/types\/product"}],"wp:featuredmedia":[{"embeddable":true,"href":"https:\/\/promak.si\/hr\/wp-json\/wp\/v2\/media\/24090"}],"wp:attachment":[{"href":"https:\/\/promak.si\/hr\/wp-json\/wp\/v2\/media?parent=24247"}],"wp:term":[{"taxonomy":"product_brand","embeddable":true,"href":"https:\/\/promak.si\/hr\/wp-json\/wp\/v2\/product_brand?post=24247"},{"taxonomy":"product_cat","embeddable":true,"href":"https:\/\/promak.si\/hr\/wp-json\/wp\/v2\/product_cat?post=24247"},{"taxonomy":"product_tag","embeddable":true,"href":"https:\/\/promak.si\/hr\/wp-json\/wp\/v2\/product_tag?post=24247"}],"curies":[{"name":"wp","href":"https:\/\/api.w.org\/{rel}","templated":true}]}}