{"id":20839,"date":"2024-10-30T09:01:11","date_gmt":"2024-10-30T08:01:11","guid":{"rendered":"https:\/\/promak.si\/trgovina\/nekategorizirano\/bozicna-zvezda-cvet-zamet-d-24cm-scipalka-rosegold\/"},"modified":"2026-02-24T01:20:35","modified_gmt":"2026-02-24T00:20:35","slug":"bozicna-zvezda-cvet-zamet-d-24cm-scipalka-rosegold","status":"publish","type":"product","link":"https:\/\/promak.si\/trgovina\/bozicna-zvezda-cvet-zamet-d-24cm-scipalka-rosegold\/","title":{"rendered":"Bo\u017ei\u010dna zvezda cvet \u017damet d-24cm \/ \u0161\u010dipalka rosegold"},"content":{"rendered":"","protected":false},"excerpt":{"rendered":"","protected":false},"featured_media":20546,"template":"","meta":[],"product_brand":[],"product_cat":[88,514],"product_tag":[929,920,942],"class_list":{"0":"post-20839","1":"product","2":"type-product","3":"status-publish","4":"has-post-thumbnail","6":"product_cat-bozic","7":"product_cat-novoletne-roze","8":"product_tag-kolekcija-adventni-punc","9":"product_tag-kolekcija-candy-shop","10":"product_tag-kolekcija-roza","11":"pa_barva-roza","12":"pa_velikost-24cm","14":"first","15":"instock","16":"taxable","17":"shipping-taxable","18":"purchasable","19":"product-type-simple"},"_links":{"self":[{"href":"https:\/\/promak.si\/hr\/wp-json\/wp\/v2\/product\/20839","targetHints":{"allow":["GET"]}}],"collection":[{"href":"https:\/\/promak.si\/hr\/wp-json\/wp\/v2\/product"}],"about":[{"href":"https:\/\/promak.si\/hr\/wp-json\/wp\/v2\/types\/product"}],"wp:featuredmedia":[{"embeddable":true,"href":"https:\/\/promak.si\/hr\/wp-json\/wp\/v2\/media\/20546"}],"wp:attachment":[{"href":"https:\/\/promak.si\/hr\/wp-json\/wp\/v2\/media?parent=20839"}],"wp:term":[{"taxonomy":"product_brand","embeddable":true,"href":"https:\/\/promak.si\/hr\/wp-json\/wp\/v2\/product_brand?post=20839"},{"taxonomy":"product_cat","embeddable":true,"href":"https:\/\/promak.si\/hr\/wp-json\/wp\/v2\/product_cat?post=20839"},{"taxonomy":"product_tag","embeddable":true,"href":"https:\/\/promak.si\/hr\/wp-json\/wp\/v2\/product_tag?post=20839"}],"curies":[{"name":"wp","href":"https:\/\/api.w.org\/{rel}","templated":true}]}}