{"id":19795,"date":"2024-10-14T15:43:10","date_gmt":"2024-10-14T13:43:10","guid":{"rendered":"https:\/\/promak.si\/?post_type=product&#038;p=19795"},"modified":"2026-02-17T01:20:44","modified_gmt":"2026-02-17T00:20:44","slug":"svetlobna-krogla80cm","status":"publish","type":"product","link":"https:\/\/promak.si\/trgovina\/svetlobna-krogla\/","title":{"rendered":"Novoletna svetlobna krogla led lu\u010dk zlo\u017eljiva"},"content":{"rendered":"","protected":false},"excerpt":{"rendered":"<p>Zlo\u017eljiva novoletna krogla z micro LED lu\u010dkami. Trije razli\u010dni premeri 60cm-400 lu\u010dk, 70cm-600 lu\u010dk ali 80cm-720 lu\u010dk.  Topla bela svetloba. 8 razli\u010dnih efektov utripanja. Primerno za notranjo in zunanjo uporabo.<\/p>\n","protected":false},"featured_media":19797,"template":"","meta":[],"product_brand":[],"product_cat":[88,787],"product_tag":[],"class_list":{"0":"post-19795","1":"product","2":"type-product","3":"status-publish","4":"has-post-thumbnail","6":"product_cat-bozic","7":"product_cat-novoletne-lucke","8":"pa_velikost-60cm","9":"pa_velikost-70cm","10":"pa_velikost-80cm","12":"first","13":"instock","14":"taxable","15":"shipping-taxable","16":"purchasable","17":"product-type-variable","18":"has-default-attributes"},"_links":{"self":[{"href":"https:\/\/promak.si\/hr\/wp-json\/wp\/v2\/product\/19795","targetHints":{"allow":["GET"]}}],"collection":[{"href":"https:\/\/promak.si\/hr\/wp-json\/wp\/v2\/product"}],"about":[{"href":"https:\/\/promak.si\/hr\/wp-json\/wp\/v2\/types\/product"}],"wp:featuredmedia":[{"embeddable":true,"href":"https:\/\/promak.si\/hr\/wp-json\/wp\/v2\/media\/19797"}],"wp:attachment":[{"href":"https:\/\/promak.si\/hr\/wp-json\/wp\/v2\/media?parent=19795"}],"wp:term":[{"taxonomy":"product_brand","embeddable":true,"href":"https:\/\/promak.si\/hr\/wp-json\/wp\/v2\/product_brand?post=19795"},{"taxonomy":"product_cat","embeddable":true,"href":"https:\/\/promak.si\/hr\/wp-json\/wp\/v2\/product_cat?post=19795"},{"taxonomy":"product_tag","embeddable":true,"href":"https:\/\/promak.si\/hr\/wp-json\/wp\/v2\/product_tag?post=19795"}],"curies":[{"name":"wp","href":"https:\/\/api.w.org\/{rel}","templated":true}]}}