{"id":19343,"date":"2024-02-09T15:01:56","date_gmt":"2024-02-09T14:01:56","guid":{"rendered":"https:\/\/promak.si\/?post_type=product&#038;p=19343"},"modified":"2026-04-04T01:20:33","modified_gmt":"2026-04-03T23:20:33","slug":"okrasni-lonec-za-roze-pan","status":"publish","type":"product","link":"https:\/\/promak.si\/trgovina\/okrasni-lonec-za-roze-pan\/","title":{"rendered":"Okrasni lonec za ro\u017ee pan"},"content":{"rendered":"<p>Okrasni\u00a0lonec marmorno sive barve \u00a0bo v va\u0161 dom prinesel pravo mero preprostosti, a tudi stila. Izdelava iz steklenih vlaken prispeva k njegovi odpornosti, zato vam ni treba skrbeti kje ga boste postavili.<\/p>\n<p>Okrasni lonec je najbolj primeren za dnevne sobe in delovne sobe, lahko pa ga postavite tudi v jedilnico, \u010de je v minimalisti\u010dnem slogu.<\/p>\n<p>Ta lonec je idealen tudi kot darilo, saj je univerzalen, a hkrati edinstveen in druga\u010den.<\/p>\n<p>Okrasni cvetli\u010dni lonci so \u017ee od nekdaj dopolnjevali domove ljudi, na\u0161i oblikovalci pa so se odlo\u010dili, da vse skupaj postavijo na veliko vi\u0161jo in druga\u010dno raven.<\/p>\n<p>Bodite opa\u017eeni z zelo malo truda s tem izdelkom!<\/p>\n","protected":false},"excerpt":{"rendered":"<p>Okrasni lonec za ro\u017ee marmorno sive barve bo v va\u0161 dom prinesel pravo mero preprostosti, a tudi stila. Izdelava iz steklenih vlaken prispeva k njegovi odpornosti, zato vam ni treba skrbeti kje ga boste postavili.<\/p>\n","protected":false},"featured_media":19369,"template":"","meta":[],"product_brand":[],"product_cat":[186,532,533],"product_tag":[],"class_list":{"0":"post-19343","1":"product","2":"type-product","3":"status-publish","4":"has-post-thumbnail","6":"product_cat-okrasni-lonci","7":"product_cat-notranji-okrasni-lonci","8":"product_cat-zunanji-okrasni-lonci","9":"pa_barva-beton","10":"pa_dimenzija-26x26x45cm","11":"pa_dimenzija-34x34x65cm","12":"pa_dimenzija-42x42x75cm","13":"pa_dimenzija-50x50x85cm","14":"pa_velikost-45cm","15":"pa_velikost-65cm","16":"pa_velikost-75cm-2","17":"pa_velikost-85cm","19":"first","20":"instock","21":"sale","22":"taxable","23":"shipping-taxable","24":"purchasable","25":"product-type-variable","26":"has-default-attributes"},"_links":{"self":[{"href":"https:\/\/promak.si\/hr\/wp-json\/wp\/v2\/product\/19343","targetHints":{"allow":["GET"]}}],"collection":[{"href":"https:\/\/promak.si\/hr\/wp-json\/wp\/v2\/product"}],"about":[{"href":"https:\/\/promak.si\/hr\/wp-json\/wp\/v2\/types\/product"}],"wp:featuredmedia":[{"embeddable":true,"href":"https:\/\/promak.si\/hr\/wp-json\/wp\/v2\/media\/19369"}],"wp:attachment":[{"href":"https:\/\/promak.si\/hr\/wp-json\/wp\/v2\/media?parent=19343"}],"wp:term":[{"taxonomy":"product_brand","embeddable":true,"href":"https:\/\/promak.si\/hr\/wp-json\/wp\/v2\/product_brand?post=19343"},{"taxonomy":"product_cat","embeddable":true,"href":"https:\/\/promak.si\/hr\/wp-json\/wp\/v2\/product_cat?post=19343"},{"taxonomy":"product_tag","embeddable":true,"href":"https:\/\/promak.si\/hr\/wp-json\/wp\/v2\/product_tag?post=19343"}],"curies":[{"name":"wp","href":"https:\/\/api.w.org\/{rel}","templated":true}]}}