{"id":18315,"date":"2023-10-28T12:33:14","date_gmt":"2023-10-28T10:33:14","guid":{"rendered":"https:\/\/promak.si\/trgovina\/nekategorizirano\/poinsettia-na-sponki-poliester-blescice\/"},"modified":"2026-04-25T01:25:27","modified_gmt":"2026-04-24T23:25:27","slug":"poinsettia-na-sponki-poliester-blescice","status":"publish","type":"product","link":"https:\/\/promak.si\/trgovina\/poinsettia-na-sponki-poliester-blescice\/","title":{"rendered":"Poinsettia na sponki poliester ble\u0161\u010dice"},"content":{"rendered":"","protected":false},"excerpt":{"rendered":"<p>Poinsettia na sponki je izdelana iz poliestra in okra\u0161ena s ble\u0161\u010dicami. Ta \u010dudovita ro\u017ea bo zagotovo pritegnila pozornost na vsakem dogodku ali praznovanju. S svojo \u017eivahno rde\u010do barvo bo dodala prazni\u010dno vzdu\u0161je in popestrila va\u0161e lase ali obla\u010dila. Poinsettia na sponki je trpe\u017ena in lahka za no\u0161enje, zato jo lahko nosite ves dan brez neprijetnosti. Bodite v sredi\u0161\u010du pozornosti s to \u010dudovito in elegantno ro\u017eo na sponki!<\/p>\n","protected":false},"featured_media":18177,"template":"","meta":[],"product_brand":[],"product_cat":[88,514],"product_tag":[],"class_list":{"0":"post-18315","1":"product","2":"type-product","3":"status-publish","4":"has-post-thumbnail","6":"product_cat-bozic","7":"product_cat-novoletne-roze","8":"pa_barva-bela","9":"pa_velikost-26cm","11":"first","12":"outofstock","13":"taxable","14":"shipping-taxable","15":"purchasable","16":"product-type-simple"},"_links":{"self":[{"href":"https:\/\/promak.si\/hr\/wp-json\/wp\/v2\/product\/18315","targetHints":{"allow":["GET"]}}],"collection":[{"href":"https:\/\/promak.si\/hr\/wp-json\/wp\/v2\/product"}],"about":[{"href":"https:\/\/promak.si\/hr\/wp-json\/wp\/v2\/types\/product"}],"wp:featuredmedia":[{"embeddable":true,"href":"https:\/\/promak.si\/hr\/wp-json\/wp\/v2\/media\/18177"}],"wp:attachment":[{"href":"https:\/\/promak.si\/hr\/wp-json\/wp\/v2\/media?parent=18315"}],"wp:term":[{"taxonomy":"product_brand","embeddable":true,"href":"https:\/\/promak.si\/hr\/wp-json\/wp\/v2\/product_brand?post=18315"},{"taxonomy":"product_cat","embeddable":true,"href":"https:\/\/promak.si\/hr\/wp-json\/wp\/v2\/product_cat?post=18315"},{"taxonomy":"product_tag","embeddable":true,"href":"https:\/\/promak.si\/hr\/wp-json\/wp\/v2\/product_tag?post=18315"}],"curies":[{"name":"wp","href":"https:\/\/api.w.org\/{rel}","templated":true}]}}