{"id":18312,"date":"2023-10-28T12:33:14","date_gmt":"2023-10-28T10:33:14","guid":{"rendered":"https:\/\/promak.si\/trgovina\/nekategorizirano\/metulj-iz-zameta-z-blescicami-blescicami-kamni-na-sponki\/"},"modified":"2026-04-25T01:25:27","modified_gmt":"2026-04-24T23:25:27","slug":"metulj-iz-zameta-z-blescicami-blescicami-kamni-na-sponki","status":"publish","type":"product","link":"https:\/\/promak.si\/trgovina\/metulj-iz-zameta-z-blescicami-blescicami-kamni-na-sponki\/","title":{"rendered":"Metulj iz \u017eameta z ble\u0161\u010dicami, ble\u0161\u010dicami, kamni na sponki"},"content":{"rendered":"","protected":false},"excerpt":{"rendered":"<p>Metulj iz \u017eameta z ble\u0161\u010dicami, ble\u0161\u010dicami, kamni na sponki je edinstven modni dodatek, ki bo zagotovo pritegnil pozornost. Izdelan je iz mehkega \u017eameta, ki nudi udobje in prijeten ob\u010dutek na ko\u017ei. Ble\u0161\u010de\u010de ble\u0161\u010dice mu dodajo \u0161e ve\u010dji sijaj in glamur, zaradi \u010desar je primeren za posebne prilo\u017enosti, kot so poroke, zabave ali ve\u010derne izhode. Kamni na sponki pa poskrbijo za dodatno eleganco in izvirnost. Metulj je prilagodljiv in enostaven za namestitev, saj ga preprosto pritrdite na srajco ali kravato s pomo\u010djo sponke na hrbtni strani. S tem metuljem boste zagotovo izstopali in si prislu\u017eili pohvale za svoj izvrsten stil.<\/p>\n","protected":false},"featured_media":18159,"template":"","meta":[],"product_brand":[],"product_cat":[88,18],"product_tag":[926],"class_list":{"0":"post-18312","1":"product","2":"type-product","3":"status-publish","4":"has-post-thumbnail","6":"product_cat-bozic","7":"product_cat-novoletni-okraski","8":"product_tag-kolekcija-polarna-noc","9":"pa_barva-modra","10":"pa_velikost-15cm","12":"first","13":"instock","14":"taxable","15":"shipping-taxable","16":"purchasable","17":"product-type-simple"},"_links":{"self":[{"href":"https:\/\/promak.si\/hr\/wp-json\/wp\/v2\/product\/18312","targetHints":{"allow":["GET"]}}],"collection":[{"href":"https:\/\/promak.si\/hr\/wp-json\/wp\/v2\/product"}],"about":[{"href":"https:\/\/promak.si\/hr\/wp-json\/wp\/v2\/types\/product"}],"wp:featuredmedia":[{"embeddable":true,"href":"https:\/\/promak.si\/hr\/wp-json\/wp\/v2\/media\/18159"}],"wp:attachment":[{"href":"https:\/\/promak.si\/hr\/wp-json\/wp\/v2\/media?parent=18312"}],"wp:term":[{"taxonomy":"product_brand","embeddable":true,"href":"https:\/\/promak.si\/hr\/wp-json\/wp\/v2\/product_brand?post=18312"},{"taxonomy":"product_cat","embeddable":true,"href":"https:\/\/promak.si\/hr\/wp-json\/wp\/v2\/product_cat?post=18312"},{"taxonomy":"product_tag","embeddable":true,"href":"https:\/\/promak.si\/hr\/wp-json\/wp\/v2\/product_tag?post=18312"}],"curies":[{"name":"wp","href":"https:\/\/api.w.org\/{rel}","templated":true}]}}