{"id":18299,"date":"2023-10-28T12:32:55","date_gmt":"2023-10-28T10:32:55","guid":{"rendered":"https:\/\/promak.si\/trgovina\/nekategorizirano\/bonbon-plasticni-lok\/"},"modified":"2026-04-22T01:30:17","modified_gmt":"2026-04-21T23:30:17","slug":"bonbon-plasticni-lok","status":"publish","type":"product","link":"https:\/\/promak.si\/trgovina\/bonbon-plasticni-lok\/","title":{"rendered":"Bonbon plasti\u010dni lok"},"content":{"rendered":"","protected":false},"excerpt":{"rendered":"<p>Bonbon plasti\u010dni lok je odli\u010den dodatek za vsako zabavo ali praznovanje. Izdelan je iz trpe\u017ene plastike, ki zagotavlja dolgo \u017eivljenjsko dobo. Lok je enostaven za uporabo &#8211; samo pritisnite na sredino in izpustite, da se sprosti. Lahko ga uporabite za okrasitev tort, peciva ali sladic. Bonbon plasti\u010dni lok je na voljo v razli\u010dnih barvah, zato ga lahko izberete glede na temo ali dekoracijo dogodka. Dodajte pridih elegance in zabave s tem \u010dudovitim bonbon plasti\u010dnim lokom.<\/p>\n","protected":false},"featured_media":18103,"template":"","meta":[],"product_brand":[],"product_cat":[88,18],"product_tag":[919],"class_list":{"0":"post-18299","1":"product","2":"type-product","3":"status-publish","4":"has-post-thumbnail","6":"product_cat-bozic","7":"product_cat-novoletni-okraski","8":"product_tag-kolekcija-candy-cane","9":"pa_barva-rdeca","10":"pa_velikost-25cm","12":"first","13":"instock","14":"taxable","15":"shipping-taxable","16":"purchasable","17":"product-type-simple"},"_links":{"self":[{"href":"https:\/\/promak.si\/hr\/wp-json\/wp\/v2\/product\/18299","targetHints":{"allow":["GET"]}}],"collection":[{"href":"https:\/\/promak.si\/hr\/wp-json\/wp\/v2\/product"}],"about":[{"href":"https:\/\/promak.si\/hr\/wp-json\/wp\/v2\/types\/product"}],"wp:featuredmedia":[{"embeddable":true,"href":"https:\/\/promak.si\/hr\/wp-json\/wp\/v2\/media\/18103"}],"wp:attachment":[{"href":"https:\/\/promak.si\/hr\/wp-json\/wp\/v2\/media?parent=18299"}],"wp:term":[{"taxonomy":"product_brand","embeddable":true,"href":"https:\/\/promak.si\/hr\/wp-json\/wp\/v2\/product_brand?post=18299"},{"taxonomy":"product_cat","embeddable":true,"href":"https:\/\/promak.si\/hr\/wp-json\/wp\/v2\/product_cat?post=18299"},{"taxonomy":"product_tag","embeddable":true,"href":"https:\/\/promak.si\/hr\/wp-json\/wp\/v2\/product_tag?post=18299"}],"curies":[{"name":"wp","href":"https:\/\/api.w.org\/{rel}","templated":true}]}}