{"id":18284,"date":"2023-10-28T12:32:35","date_gmt":"2023-10-28T10:32:35","guid":{"rendered":"https:\/\/promak.si\/trgovina\/nekategorizirano\/okrasek-na-zici-iz-matiranega-stekla\/"},"modified":"2026-04-25T01:25:24","modified_gmt":"2026-04-24T23:25:24","slug":"okrasek-na-zici-iz-matiranega-stekla","status":"publish","type":"product","link":"https:\/\/promak.si\/trgovina\/okrasek-na-zici-iz-matiranega-stekla\/","title":{"rendered":"Okrasek na \u017eici iz matiranega stekla"},"content":{"rendered":"","protected":false},"excerpt":{"rendered":"<p>Okrasek na \u017eici iz matiranega stekla je eleganten in sodoben dodatek za va\u0161 dom ali pisarno. Izdelan je iz visokokakovostnega matiranega stekla, ki mu daje izjemno privla\u010den videz. Okrasek je oblikovan v obliki kroga, s tanko \u017eico, ki omogo\u010da enostavno pritrditev na steno ali strop. S svojim minimalisti\u010dnim dizajnom se bo lepo podal k razli\u010dnim notranjim stilom. Okrasek na \u017eici iz matiranega stekla je odli\u010dna izbira za tiste, ki \u017eelijo dodati nekaj elegance in sodobnosti v svoj prostor.<\/p>\n","protected":false},"featured_media":18217,"template":"","meta":[],"product_brand":[],"product_cat":[88,18],"product_tag":[926],"class_list":{"0":"post-18284","1":"product","2":"type-product","3":"status-publish","4":"has-post-thumbnail","6":"product_cat-bozic","7":"product_cat-novoletni-okraski","8":"product_tag-kolekcija-polarna-noc","9":"pa_barva-modra","10":"pa_velikost-25cm","12":"first","13":"instock","14":"taxable","15":"shipping-taxable","16":"purchasable","17":"product-type-simple"},"_links":{"self":[{"href":"https:\/\/promak.si\/hr\/wp-json\/wp\/v2\/product\/18284","targetHints":{"allow":["GET"]}}],"collection":[{"href":"https:\/\/promak.si\/hr\/wp-json\/wp\/v2\/product"}],"about":[{"href":"https:\/\/promak.si\/hr\/wp-json\/wp\/v2\/types\/product"}],"wp:featuredmedia":[{"embeddable":true,"href":"https:\/\/promak.si\/hr\/wp-json\/wp\/v2\/media\/18217"}],"wp:attachment":[{"href":"https:\/\/promak.si\/hr\/wp-json\/wp\/v2\/media?parent=18284"}],"wp:term":[{"taxonomy":"product_brand","embeddable":true,"href":"https:\/\/promak.si\/hr\/wp-json\/wp\/v2\/product_brand?post=18284"},{"taxonomy":"product_cat","embeddable":true,"href":"https:\/\/promak.si\/hr\/wp-json\/wp\/v2\/product_cat?post=18284"},{"taxonomy":"product_tag","embeddable":true,"href":"https:\/\/promak.si\/hr\/wp-json\/wp\/v2\/product_tag?post=18284"}],"curies":[{"name":"wp","href":"https:\/\/api.w.org\/{rel}","templated":true}]}}