{"id":18278,"date":"2023-10-28T12:32:35","date_gmt":"2023-10-28T10:32:35","guid":{"rendered":"https:\/\/promak.si\/trgovina\/nekategorizirano\/stekleni-mat-treetopper\/"},"modified":"2026-02-05T01:25:23","modified_gmt":"2026-02-05T00:25:23","slug":"stekleni-mat-treetopper","status":"publish","type":"product","link":"https:\/\/promak.si\/trgovina\/stekleni-mat-treetopper\/","title":{"rendered":"Stekleni mat treetopper"},"content":{"rendered":"","protected":false},"excerpt":{"rendered":"<p>Stekleni mat Treetopper je popolna izbira za okrasitev va\u0161ega bo\u017ei\u010dnega drevesa. Izdelan je iz visokokakovostnega stekla, ki zagotavlja dolgo \u017eivljenjsko dobo. Mat povr\u0161ina daje drevesu eleganten videz, medtem ko se svetloba odra\u017ea in ustvarja \u010darobno vzdu\u0161je v prostoru. Treetopper je enostaven za namestitev, saj ima prilo\u017een trak, s katerim ga enostavno pritrdite na vrh drevesa. S svojim edinstvenim dizajnom bo Stekleni mat Treetopper zagotovo pritegnil pozornost in postal nepogre\u0161ljiv del va\u0161e bo\u017ei\u010dne dekoracije.<\/p>\n","protected":false},"featured_media":18039,"template":"","meta":[],"product_brand":[],"product_cat":[88,861],"product_tag":[],"class_list":{"0":"post-18278","1":"product","2":"type-product","3":"status-publish","4":"has-post-thumbnail","6":"product_cat-bozic","7":"product_cat-spice","8":"pa_barva-bela","9":"pa_velikost-26cm","11":"first","12":"instock","13":"taxable","14":"shipping-taxable","15":"purchasable","16":"product-type-simple"},"_links":{"self":[{"href":"https:\/\/promak.si\/hr\/wp-json\/wp\/v2\/product\/18278","targetHints":{"allow":["GET"]}}],"collection":[{"href":"https:\/\/promak.si\/hr\/wp-json\/wp\/v2\/product"}],"about":[{"href":"https:\/\/promak.si\/hr\/wp-json\/wp\/v2\/types\/product"}],"wp:featuredmedia":[{"embeddable":true,"href":"https:\/\/promak.si\/hr\/wp-json\/wp\/v2\/media\/18039"}],"wp:attachment":[{"href":"https:\/\/promak.si\/hr\/wp-json\/wp\/v2\/media?parent=18278"}],"wp:term":[{"taxonomy":"product_brand","embeddable":true,"href":"https:\/\/promak.si\/hr\/wp-json\/wp\/v2\/product_brand?post=18278"},{"taxonomy":"product_cat","embeddable":true,"href":"https:\/\/promak.si\/hr\/wp-json\/wp\/v2\/product_cat?post=18278"},{"taxonomy":"product_tag","embeddable":true,"href":"https:\/\/promak.si\/hr\/wp-json\/wp\/v2\/product_tag?post=18278"}],"curies":[{"name":"wp","href":"https:\/\/api.w.org\/{rel}","templated":true}]}}