{"id":17784,"date":"2023-10-21T17:31:06","date_gmt":"2023-10-21T15:31:06","guid":{"rendered":"https:\/\/promak.si\/trgovina\/nekategorizirano\/bozicna-zvezda-zamet-glitter-pik-d-28-cm-zlata\/"},"modified":"2026-04-25T01:25:48","modified_gmt":"2026-04-24T23:25:48","slug":"bozicna-zvezda-zamet-glitter-pik-d-28-cm-zlata","status":"publish","type":"product","link":"https:\/\/promak.si\/trgovina\/bozicna-zvezda-zamet-glitter-pik-d-28-cm-zlata\/","title":{"rendered":"Bo\u017di\u010cna zvezda \u017damet glitter pik d-28 cm zlata"},"content":{"rendered":"","protected":false},"excerpt":{"rendered":"<p>Novoletni okrasek BO\u017dI\u010cNA ZVEZDA \u017dAMET GLITTER PIK D-28 CM ZLATA<\/p>\n","protected":false},"featured_media":17510,"template":"","meta":[],"product_brand":[],"product_cat":[88,514],"product_tag":[],"class_list":{"0":"post-17784","1":"product","2":"type-product","3":"status-publish","4":"has-post-thumbnail","6":"product_cat-bozic","7":"product_cat-novoletne-roze","8":"pa_barva-zlata","9":"pa_velikost-28cm","11":"first","12":"outofstock","13":"taxable","14":"shipping-taxable","15":"purchasable","16":"product-type-simple"},"_links":{"self":[{"href":"https:\/\/promak.si\/hr\/wp-json\/wp\/v2\/product\/17784","targetHints":{"allow":["GET"]}}],"collection":[{"href":"https:\/\/promak.si\/hr\/wp-json\/wp\/v2\/product"}],"about":[{"href":"https:\/\/promak.si\/hr\/wp-json\/wp\/v2\/types\/product"}],"wp:featuredmedia":[{"embeddable":true,"href":"https:\/\/promak.si\/hr\/wp-json\/wp\/v2\/media\/17510"}],"wp:attachment":[{"href":"https:\/\/promak.si\/hr\/wp-json\/wp\/v2\/media?parent=17784"}],"wp:term":[{"taxonomy":"product_brand","embeddable":true,"href":"https:\/\/promak.si\/hr\/wp-json\/wp\/v2\/product_brand?post=17784"},{"taxonomy":"product_cat","embeddable":true,"href":"https:\/\/promak.si\/hr\/wp-json\/wp\/v2\/product_cat?post=17784"},{"taxonomy":"product_tag","embeddable":true,"href":"https:\/\/promak.si\/hr\/wp-json\/wp\/v2\/product_tag?post=17784"}],"curies":[{"name":"wp","href":"https:\/\/api.w.org\/{rel}","templated":true}]}}