{"id":17778,"date":"2023-10-21T17:31:06","date_gmt":"2023-10-21T15:31:06","guid":{"rendered":"https:\/\/promak.si\/trgovina\/nekategorizirano\/bozicna-zvezda-cvet-glitter-scipalka-15cm-x1zlata\/"},"modified":"2026-02-05T01:25:20","modified_gmt":"2026-02-05T00:25:20","slug":"bozicna-zvezda-cvet-glitter-scipalka-15cm-x1zlata","status":"publish","type":"product","link":"https:\/\/promak.si\/trgovina\/bozicna-zvezda-cvet-glitter-scipalka-15cm-x1zlata\/","title":{"rendered":"Bo\u017ei\u010dna zvezda cvet glitter-\u0161\u010dipalka 15cm x1 zlata"},"content":{"rendered":"","protected":false},"excerpt":{"rendered":"<p>Novoletni okrasek BO\u017dI\u010cNA ZVEZDA CVET GLITTER-\u0160\u010cIPALKA 15CM X1ZLATA<\/p>\n","protected":false},"featured_media":17498,"template":"","meta":[],"product_brand":[],"product_cat":[88,514],"product_tag":[923,922,921],"class_list":{"0":"post-17778","1":"product","2":"type-product","3":"status-publish","4":"has-post-thumbnail","6":"product_cat-bozic","7":"product_cat-novoletne-roze","8":"product_tag-kolekcija-bozicna-domacnost","9":"product_tag-kolekcija-kraljevi-dvor","10":"product_tag-kolekcija-zelena-eleganca","11":"pa_barva-zlata","12":"pa_velikost-10cm","14":"first","15":"instock","16":"taxable","17":"shipping-taxable","18":"purchasable","19":"product-type-simple"},"_links":{"self":[{"href":"https:\/\/promak.si\/hr\/wp-json\/wp\/v2\/product\/17778","targetHints":{"allow":["GET"]}}],"collection":[{"href":"https:\/\/promak.si\/hr\/wp-json\/wp\/v2\/product"}],"about":[{"href":"https:\/\/promak.si\/hr\/wp-json\/wp\/v2\/types\/product"}],"wp:featuredmedia":[{"embeddable":true,"href":"https:\/\/promak.si\/hr\/wp-json\/wp\/v2\/media\/17498"}],"wp:attachment":[{"href":"https:\/\/promak.si\/hr\/wp-json\/wp\/v2\/media?parent=17778"}],"wp:term":[{"taxonomy":"product_brand","embeddable":true,"href":"https:\/\/promak.si\/hr\/wp-json\/wp\/v2\/product_brand?post=17778"},{"taxonomy":"product_cat","embeddable":true,"href":"https:\/\/promak.si\/hr\/wp-json\/wp\/v2\/product_cat?post=17778"},{"taxonomy":"product_tag","embeddable":true,"href":"https:\/\/promak.si\/hr\/wp-json\/wp\/v2\/product_tag?post=17778"}],"curies":[{"name":"wp","href":"https:\/\/api.w.org\/{rel}","templated":true}]}}