{"id":15496,"date":"2021-10-11T11:33:25","date_gmt":"2021-10-11T09:33:25","guid":{"rendered":"https:\/\/promak.si\/?post_type=product&#038;p=15496"},"modified":"2026-01-02T23:12:41","modified_gmt":"2026-01-02T22:12:41","slug":"zeleni-zid-schefflet-50x50cm-uv-otporan","status":"publish","type":"product","link":"https:\/\/promak.si\/hr\/trgovina\/zeleni-zid-schefflet-50x50cm-uv-otporan\/","title":{"rendered":"Zeleni zid schefflera 50x50cm uv otporan"},"content":{"rendered":"<div class=\"row\"  id=\"row-1468633102\">\n\n\n\t<div id=\"col-1266873425\" class=\"col medium-6 small-12 large-6\"  >\n\t\t\t\t<div class=\"col-inner\"  >\n\t\t\t\n\t\t\t\n\n\n  <div class=\"banner has-hover\" id=\"banner-773412726\">\n          <div class=\"banner-inner fill\">\n        <div class=\"banner-bg fill\" >\n            <img decoding=\"async\" width=\"800\" height=\"600\" src=\"https:\/\/promak.si\/wp-content\/uploads\/2023\/09\/zelena-stena-v-podjetju.jpg\" class=\"bg attachment-original size-original\" alt=\"\">                                    \n                    <\/div>\n\t\t\n        <div class=\"banner-layers container\">\n            <div class=\"fill banner-link\"><\/div>            \n\n   <div id=\"text-box-1994536621\" class=\"text-box banner-layer x50 md-x50 lg-x50 y50 md-y50 lg-y50 res-text\">\n                                <div class=\"text-box-content text dark\">\n              \n              <div class=\"text-inner text-center\">\n                  \n\n\n              <\/div>\n           <\/div>\n                            \n<style>\n#text-box-1994536621 {\n  width: 60%;\n}\n#text-box-1994536621 .text-box-content {\n  font-size: 100%;\n}\n@media (min-width:550px) {\n  #text-box-1994536621 {\n    width: 60%;\n  }\n}\n<\/style>\n    <\/div>\n \n\n        <\/div>\n      <\/div>\n\n            \n<style>\n#banner-773412726 {\n  padding-top: 300px;\n  background-color: rgba(255, 255, 255, 0);\n}\n#banner-773412726 .banner-bg img {\n  object-position: 77% 46%;\n}\n@media (min-width:550px) {\n  #banner-773412726 {\n    padding-top: 720px;\n  }\n}\n<\/style>\n  <\/div>\n\n\n\n\t\t<\/div>\n\t\t\t\t\t<\/div>\n\n\t\n\n\t<div id=\"col-1349547067\" class=\"col medium-6 small-12 large-6\"  >\n\t\t\t\t<div class=\"col-inner text-center\"  >\n\t\t\t\n\t\t\t\n\n<p>Ovo inovativno rje\u0161enje donosi svje\u017einu prirode u Va\u0161 prostor bez potrebe za redovitim odr\u017eavanjem i brigom o biljkama.<\/p>\n<p>Bilo da \u017eelite unutarnju opu\u0161taju\u0107u oazu ili vanjski ambijent s karakteristi\u010dnom elegancijom, ovaj proizvod \u0107e svakako privu\u0107i pa\u017enju i ostaviti nezaboravan dojam.<\/p>\n<p>O\u017eivite svoj unutarnji ili vanjski prostor i stvorite ugodnu atmosferu.<\/p>\n<p>Dodat \u0107e da\u0161ak zelene prirode gdje god da ga postavite \u2013 na terasu, balkon ili u dnevni boravak.<\/p>\n<p>Tako\u0111er mo\u017eete zaboraviti na stalno zalijevanje i orezivanje, sve te brige su otklonjene s umjetnim zelenim zidom.<\/p>\n<p>Otporan je na UV zrake i razli\u010dite vremenske uvjete, \u0161to zna\u010di da \u0107e ostati atraktivan i besprijekoran kroz sva godi\u0161nja doba.<\/p>\n\t<div class=\"img has-hover x md-x lg-x y md-y lg-y\" id=\"image_1053997246\">\n\t\t\t\t\t\t\t\t<div class=\"img-inner dark\" >\n\t\t\t<img decoding=\"async\" width=\"440\" height=\"287\" src=\"https:\/\/promak.si\/wp-content\/uploads\/2023\/09\/promak-website-HR.png\" class=\"attachment-original size-original\" alt=\"\" srcset=\"https:\/\/promak.si\/wp-content\/uploads\/2023\/09\/promak-website-HR.png 440w, https:\/\/promak.si\/wp-content\/uploads\/2023\/09\/promak-website-HR-400x261.png 400w, https:\/\/promak.si\/wp-content\/uploads\/2023\/09\/promak-website-HR-300x196.png 300w\" sizes=\"(max-width: 440px) 100vw, 440px\">\t\t\t\t\t\t\n\t\t\t\t\t<\/div>\n\t\t\t\t\t\t\t\t\n<style>\n#image_1053997246 {\n  width: 80%;\n}\n<\/style>\n\t<\/div>\n\t\n\n\n\t\t<\/div>\n\t\t\t\t\t<\/div>\n\n\t\n\n<\/div>\n\n\t<section class=\"section\" id=\"section_947951387\">\n\t\t<div class=\"section-bg fill\" >\n\t\t\t\t\t\t\t\t\t\n\t\t\t\n\n\t\t<\/div>\n\n\t\t\n\n\t\t<div class=\"section-content relative\">\n\t\t\t\n\n<div class=\"row row-collapse\"  id=\"row-1049745443\">\n\n\n\t<div id=\"col-1940118602\" class=\"col medium-12 small-12 large-6\"  >\n\t\t\t\t<div class=\"col-inner\"  >\n\t\t\t\n\t\t\t\n\n\t<div id=\"text-3597665917\" class=\"text zeleni-text\">\n\t\t\n\n<h2>JEDNOSTAVNA INSTALACIJA<\/h2>\n\n\t\t\n<style>\n#text-3597665917 {\n  font-size: 1.3rem;\n  text-align: center;\n}\n@media (min-width:550px) {\n  #text-3597665917 {\n    font-size: 1.6rem;\n  }\n}\n<\/style>\n\t<\/div>\n\t\n\t<div id=\"text-2281752966\" class=\"text\">\n\t\t\n\n<p>Pravilna instalacija je klju\u010dna za o\u010duvanje estetike i funkcionalnosti umjetnih zelenih zidova.<\/p>\n\n\t\t\n<style>\n#text-2281752966 {\n  text-align: center;\n}\n<\/style>\n\t<\/div>\n\t\n<div class=\"row row-collapse\"  id=\"row-1343247188\">\n\n\n\t<div id=\"col-1802833903\" class=\"col small-12 large-12\"  >\n\t\t\t\t<div class=\"col-inner\"  >\n\t\t\t\n\t<div class=\"is-border\"\n\t\tstyle=\"border-color:rgb(177, 188, 163);border-width:3px 3px 3px 3px;\">\n\t<\/div>\n\t\t\t\n\n\t<div id=\"text-199901610\" class=\"text zelene-stene-ol\">\n\t\t\n\n<ol>\n<li><span class=\"OYPEnA text-decoration-none text-strikethrough-none\">Izaberite zid na kojeg \u0107ete postaviti zelene panele.<\/span><\/li>\n<li><span class=\"OYPEnA text-decoration-none text-strikethrough-none\">Izmjerite \u0161irinu i visinu zida.<\/span><\/li>\n<li><span class=\"OYPEnA text-decoration-none text-strikethrough-none\">Pomo\u0107u klik sustava spojite vi\u0161e panela zajedno kako biste dobili \u017eeljenu veli\u010dinu, a po potrebi odre\u017eite vi\u0161ak klije\u0161tima.<\/span><\/li>\n<li><span class=\"OYPEnA text-decoration-none text-strikethrough-none\">Ovisno o vrsti podloge, koristite vijke ili \u010davle za pri\u010dvr\u0161\u0107ivanje panela na zid.<\/span><\/li>\n<li><span class=\"OYPEnA text-decoration-none text-strikethrough-none\">Na postavljene vijke ili \u010davle objesite zelene panele.<\/span><\/li>\n<li><span class=\"OYPEnA text-decoration-none text-strikethrough-none\">Za bolji 3D efekt, proizvoljno dodajte umjetne biljke u zeleni zid.<\/span><\/li>\n<li><span class=\"OYPEnA text-decoration-none text-strikethrough-none\">U\u017eivajte u Va\u0161oj novoj oazi!<\/span>\n<div id=\"row-1583854479\" class=\"row row-collapse\">\n<div id=\"col-42822028\" class=\"col small-12 large-12\">\n<div class=\"col-inner\">\n<div id=\"text-607070361\" class=\"text zelene-stene-ol\">\u00a0<\/div>\n<\/div>\n<\/div>\n<\/div>\n<\/li>\n<\/ol>\n\t\t\t<\/div>\n\t\n\n\t\t<\/div>\n\t\t\t\t\n<style>\n#col-1802833903 > .col-inner {\n  padding: 20px 0px 20px 0px;\n  margin: 10px 0px 10px 0px;\n}\n@media (min-width:550px) {\n  #col-1802833903 > .col-inner {\n    padding: 20px 20px 10px 0px;\n  }\n}\n<\/style>\n\t<\/div>\n\n\t\n\n\n<style>\n#row-1343247188 > .col > .col-inner {\n  background-color: rgb(255, 255, 255);\n}\n<\/style>\n<\/div>\n\t<div id=\"text-3826853311\" class=\"text\">\n\t\t\n\n<p>Umjetni zeleni zid mo\u017eete instalirati sami ili mo\u017eete anga\u017eirati stru\u010dnjaka.<\/p>\n\n\t\t\n<style>\n#text-3826853311 {\n  text-align: center;\n}\n<\/style>\n\t<\/div>\n\t\n\n\t\t<\/div>\n\t\t\t\t\t<\/div>\n\n\t\n\n\t<div id=\"col-843551100\" class=\"col medium-12 small-12 large-6\"  >\n\t\t\t\t<div class=\"col-inner\"  >\n\t\t\t\n\t\t\t\n\n<div class=\"row\"  id=\"row-731187522\">\n\n\n\t<div id=\"col-1634326320\" class=\"col medium-6 small-12 large-6\"  >\n\t\t\t\t<div class=\"col-inner\"  >\n\t\t\t\n\t\t\t\n\n\t<div class=\"img has-hover x md-x lg-x y md-y lg-y\" id=\"image_1123107125\">\n\t\t\t\t\t\t\t\t<div class=\"img-inner image-cover dark\" style=\"padding-top:100%;\">\n\t\t\t<img decoding=\"async\" width=\"600\" height=\"800\" src=\"https:\/\/promak.si\/wp-content\/uploads\/2023\/09\/montaza-zelene-stene.jpg\" class=\"attachment-original size-original\" alt=\"\" srcset=\"https:\/\/promak.si\/wp-content\/uploads\/2023\/09\/montaza-zelene-stene.jpg 600w, https:\/\/promak.si\/wp-content\/uploads\/2023\/09\/montaza-zelene-stene-400x533.jpg 400w, https:\/\/promak.si\/wp-content\/uploads\/2023\/09\/montaza-zelene-stene-225x300.jpg 225w, https:\/\/promak.si\/wp-content\/uploads\/2023\/09\/montaza-zelene-stene-555x740.jpg 555w\" sizes=\"(max-width: 600px) 100vw, 600px\">\t\t\t\t\t\t\n\t\t\t\t\t<\/div>\n\t\t\t\t\t\t\t\t\n<style>\n#image_1123107125 {\n  width: 100%;\n}\n<\/style>\n\t<\/div>\n\t\n\n\n\t\t<\/div>\n\t\t\t\t\t<\/div>\n\n\t\n\n\t<div id=\"col-1736585996\" class=\"col medium-6 small-12 large-6\"  >\n\t\t\t\t<div class=\"col-inner\"  >\n\t\t\t\n\t\t\t\n\n\t<div class=\"img has-hover x md-x lg-x y md-y lg-y\" id=\"image_826604667\">\n\t\t\t\t\t\t\t\t<div class=\"img-inner image-cover dark\" style=\"padding-top:100%;\">\n\t\t\t<img decoding=\"async\" width=\"600\" height=\"800\" src=\"https:\/\/promak.si\/wp-content\/uploads\/2023\/09\/montaza-zelene-stene-2.jpg\" class=\"attachment-original size-original\" alt=\"\" srcset=\"https:\/\/promak.si\/wp-content\/uploads\/2023\/09\/montaza-zelene-stene-2.jpg 600w, https:\/\/promak.si\/wp-content\/uploads\/2023\/09\/montaza-zelene-stene-2-400x533.jpg 400w, https:\/\/promak.si\/wp-content\/uploads\/2023\/09\/montaza-zelene-stene-2-225x300.jpg 225w, https:\/\/promak.si\/wp-content\/uploads\/2023\/09\/montaza-zelene-stene-2-555x740.jpg 555w\" sizes=\"(max-width: 600px) 100vw, 600px\">\t\t\t\t\t\t\n\t\t\t\t\t<\/div>\n\t\t\t\t\t\t\t\t\n<style>\n#image_826604667 {\n  width: 100%;\n}\n<\/style>\n\t<\/div>\n\t\n\n\n\t\t<\/div>\n\t\t\t\t\t<\/div>\n\n\t\n\n\t<div id=\"col-1197461498\" class=\"col small-12 large-12\"  >\n\t\t\t\t<div class=\"col-inner\"  >\n\t\t\t\n\t\t\t\n\n<div class=\"video video-fit mb\" style=\"padding-top:50%;\"><p><iframe title=\"Zelene stene Promak\" width=\"1020\" height=\"574\" src=\"https:\/\/www.youtube.com\/embed\/PhhbKt2K_WA?feature=oembed\" frameborder=\"0\" allow=\"accelerometer; autoplay; clipboard-write; encrypted-media; gyroscope; picture-in-picture; web-share\" referrerpolicy=\"strict-origin-when-cross-origin\" allowfullscreen><\/iframe><\/p>\n<\/div>\n\n\n\t\t<\/div>\n\t\t\t\t\t<\/div>\n\n\t\n\n<\/div>\n\n\t\t<\/div>\n\t\t\t\t\t<\/div>\n\n\t\n\n\n<style>\n#row-1049745443 > .col > .col-inner {\n  padding: 20px 10px 0px 10px;\n}\n@media (min-width:550px) {\n  #row-1049745443 > .col > .col-inner {\n    padding: 20px 30px 0px 30px;\n  }\n}\n<\/style>\n<\/div>\n\n\t\t<\/div>\n\n\t\t\n<style>\n#section_947951387 {\n  padding-top: 0px;\n  padding-bottom: 0px;\n  background-color: rgb(238, 239, 238);\n}\n@media (min-width:550px) {\n  #section_947951387 {\n    padding-top: 0px;\n    padding-bottom: 0px;\n  }\n}\n<\/style>\n\t<\/section>\n\t\n<div class=\"row\"  id=\"row-54361505\">\n\n\n\t<div id=\"col-603281187\" class=\"col medium-7 small-12 large-7\"  >\n\t\t\t\t<div class=\"col-inner\"  >\n\t\t\t\n\t\t\t\n\n\t<div id=\"text-2192837184\" class=\"text zeleni-text\">\n\t\t\n\n<h2>\u010cesta pitanja<\/h2>\n\n\t\t\n<style>\n#text-2192837184 {\n  font-size: 1.6rem;\n  text-align: left;\n}\n<\/style>\n\t<\/div>\n\t\n<div class=\"accordion zelene-stene-faq\">\n\n\t<div id=\"accordion-1248479142\" class=\"accordion-item\">\n\t\t<a id=\"accordion-1248479142-label\" class=\"accordion-title plain\" href=\"#accordion-item-mogu-li-kod-vas-kupiti-vijke-i-\u010davle-za-monta\u017eu?\" aria-expanded=\"false\" aria-controls=\"accordion-1248479142-content\">\n\t\t\t<button class=\"toggle\" aria-label=\"Toggle\"><i class=\"icon-angle-down\" aria-hidden=\"true\"><\/i><\/button>\n\t\t\t<span>Mogu li kod vas kupiti vijke i \u010davle za monta\u017eu?<\/span>\n\t\t<\/a>\n\t\t<div id=\"accordion-1248479142-content\" class=\"accordion-inner\" aria-labelledby=\"accordion-1248479142-label\">\n\t\t\t\n\n<p>Ne, materijal i alat mo\u017eete kupiti u specijaliziranim trgovinama za ku\u0107u i gra\u0111evinarstvo.<\/p>\n\n\n\t\t<\/div>\n\t<\/div>\n\t\n\t<div id=\"accordion-3860429916\" class=\"accordion-item\">\n\t\t<a id=\"accordion-3860429916-label\" class=\"accordion-title plain\" href=\"#accordion-item-gdje-sve-mogu-postaviti-umjetni-zeleni-zid?\" aria-expanded=\"false\" aria-controls=\"accordion-3860429916-content\">\n\t\t\t<button class=\"toggle\" aria-label=\"Toggle\"><i class=\"icon-angle-down\" aria-hidden=\"true\"><\/i><\/button>\n\t\t\t<span>Gdje sve mogu postaviti umjetni zeleni zid?<\/span>\n\t\t<\/a>\n\t\t<div id=\"accordion-3860429916-content\" class=\"accordion-inner\" aria-labelledby=\"accordion-3860429916-label\">\n\t\t\t\n\n<p>Mo\u017eete ga postaviti gotovo svugdje. Samo je potrebna stabilna povr\u0161ina u koju mo\u017eete zabiti \u010davle ili postaviti vijke.<\/p>\n\n\n\t\t<\/div>\n\t<\/div>\n\t\n\t<div id=\"accordion-4031841367\" class=\"accordion-item\">\n\t\t<a id=\"accordion-4031841367-label\" class=\"accordion-title plain\" href=\"#accordion-item-koliko-te\u017ei-umjetni-zeleni-zid?\" aria-expanded=\"false\" aria-controls=\"accordion-4031841367-content\">\n\t\t\t<button class=\"toggle\" aria-label=\"Toggle\"><i class=\"icon-angle-down\" aria-hidden=\"true\"><\/i><\/button>\n\t\t\t<span>Koliko te\u017ei umjetni zeleni zid?<\/span>\n\t\t<\/a>\n\t\t<div id=\"accordion-4031841367-content\" class=\"accordion-inner\" aria-labelledby=\"accordion-4031841367-label\">\n\t\t\t\n\n<p>U prosjeku panel veli\u010dine 50\u00d750 cm te\u017ei 0,8 kg, dok panel veli\u010dine 100\u00d7100 cm te\u017ei 3,2 kg.<\/p>\n\n\n\t\t<\/div>\n\t<\/div>\n\t\n\t<div id=\"accordion-1404337741\" class=\"accordion-item\">\n\t\t<a id=\"accordion-1404337741-label\" class=\"accordion-title plain\" href=\"#accordion-item-imaju-li-umjetni-zeleni-zidovi-uv-za\u0161titu?\" aria-expanded=\"false\" aria-controls=\"accordion-1404337741-content\">\n\t\t\t<button class=\"toggle\" aria-label=\"Toggle\"><i class=\"icon-angle-down\" aria-hidden=\"true\"><\/i><\/button>\n\t\t\t<span>Imaju li umjetni zeleni zidovi UV za\u0161titu?<\/span>\n\t\t<\/a>\n\t\t<div id=\"accordion-1404337741-content\" class=\"accordion-inner\" aria-labelledby=\"accordion-1404337741-label\">\n\t\t\t\n\n<p>Da, svi na\u0161i zeleni zidovi su otporni na UV zrake, stoga su prikladni i za vanjsku monta\u017eu na balkonima, dvori\u0161tima i terasama.<\/p>\n\n\n\t\t<\/div>\n\t<\/div>\n\t\n\t<div id=\"accordion-3166635921\" class=\"accordion-item\">\n\t\t<a id=\"accordion-3166635921-label\" class=\"accordion-title plain\" href=\"#accordion-item-kako-odr\u017eavati-i-\u010distiti-umjetni-zeleni-zid?\" aria-expanded=\"false\" aria-controls=\"accordion-3166635921-content\">\n\t\t\t<button class=\"toggle\" aria-label=\"Toggle\"><i class=\"icon-angle-down\" aria-hidden=\"true\"><\/i><\/button>\n\t\t\t<span>Kako odr\u017eavati i \u010distiti umjetni zeleni zid?<\/span>\n\t\t<\/a>\n\t\t<div id=\"accordion-3166635921-content\" class=\"accordion-inner\" aria-labelledby=\"accordion-3166635921-label\">\n\t\t\t\n\n<p>Umjetni zeleni zidovi ne zahtijevaju posebno odr\u017eavanje, brigu ili zalijevanje.<\/p>\n<p>Umjetni zeleni zid u unutarnjem prostoru mo\u017eete povremeno o\u010distiti \u010detkom za pra\u0161inu, a zeleni zid na vanjskoj povr\u0161ini mo\u017eete isprati vrtnim crijevom.<\/p>\n\n\n\t\t<\/div>\n\t<\/div>\n\t\n\n<\/div>\n\n\t\t<\/div>\n\t\t\t\t\n<style>\n#col-603281187 > .col-inner {\n  padding: 30px 10px 10px 10px;\n}\n<\/style>\n\t<\/div>\n\n\t\n\n\t<div id=\"col-175143022\" class=\"col medium-5 small-12 large-5\"  >\n\t\t\t\t<div class=\"col-inner\"  >\n\t\t\t\n\t\t\t\n\n\t<div class=\"img has-hover x md-x lg-x y md-y lg-y\" id=\"image_806654413\">\n\t\t\t\t\t\t\t\t<div class=\"img-inner image-cover dark\" style=\"padding-top:100%;\">\n\t\t\t<img decoding=\"async\" width=\"1200\" height=\"1200\" src=\"https:\/\/promak.si\/wp-content\/uploads\/2023\/09\/zelene-stene.jpg\" class=\"attachment-original size-original\" alt=\"\" srcset=\"https:\/\/promak.si\/wp-content\/uploads\/2023\/09\/zelene-stene.jpg 1200w, https:\/\/promak.si\/wp-content\/uploads\/2023\/09\/zelene-stene-400x400.jpg 400w, https:\/\/promak.si\/wp-content\/uploads\/2023\/09\/zelene-stene-100x100.jpg 100w, https:\/\/promak.si\/wp-content\/uploads\/2023\/09\/zelene-stene-900x900.jpg 900w, https:\/\/promak.si\/wp-content\/uploads\/2023\/09\/zelene-stene-300x300.jpg 300w, https:\/\/promak.si\/wp-content\/uploads\/2023\/09\/zelene-stene-1024x1024.jpg 1024w, https:\/\/promak.si\/wp-content\/uploads\/2023\/09\/zelene-stene-150x150.jpg 150w, https:\/\/promak.si\/wp-content\/uploads\/2023\/09\/zelene-stene-768x768.jpg 768w\" sizes=\"(max-width: 1200px) 100vw, 1200px\">\t\t\t\t\t\t\n\t\t\t\t\t<\/div>\n\t\t\t\t\t\t\t\t\n<style>\n#image_806654413 {\n  width: 100%;\n}\n<\/style>\n\t<\/div>\n\t\n\n\n\t\t<\/div>\n\t\t\t\t\t<\/div>\n\n\t\n\n<\/div>\n<div class=\"row align-equal\"  id=\"row-1478623723\">\n\n\n\t<div id=\"col-542946037\" class=\"col small-12 large-12\"  >\n\t\t\t\t<div class=\"col-inner\"  >\n\t\t\t\n\t\t\t\n\n\t<div id=\"text-886047843\" class=\"text zeleni-text\">\n\t\t\n\n<h2 style=\"display:inline;\"> Dojmovi<\/h2>\n<p style=\"display:inline; margin-left: 10px;\">Cjelokupna ocjena:<img decoding=\"async\" src=\"https:\/\/promak.si\/wp-content\/uploads\/2023\/09\/t.webp\" style=\"width: 75px; margin-left: 10px; \" alt=\"\"><\/> <span style=\"margin-left: 5px;\">4,5<\/p>\n\n\t\t\n<style>\n#text-886047843 {\n  font-size: 1.6rem;\n  text-align: left;\n}\n<\/style>\n\t<\/div>\n\t\n\n\t\t<\/div>\n\t\t\t\t\t<\/div>\n\n\t\n\n\t<div id=\"col-1505411077\" class=\"col medium-3 small-12 large-3\"  >\n\t\t\t\t<div class=\"col-inner\"  >\n\t\t\t\n\t<div class=\"is-border\"\n\t\tstyle=\"border-color:rgb(220, 220, 220);border-width:3px 3px 3px 3px;\">\n\t<\/div>\n\t\t\t\n\n<div class=\"row row-collapse\"  id=\"row-799783958\">\n\n\n\t<div id=\"col-1216450499\" class=\"col medium-6 small-6 large-6\"  >\n\t\t\t\t<div class=\"col-inner\"  >\n\t\t\t\n\t\t\t\n\n<h4>Lara Z.<\/h4>\n\n\t\t<\/div>\n\t\t\t\t\t<\/div>\n\n\t\n\n\t<div id=\"col-229528383\" class=\"col medium-6 small-6 large-6\"  >\n\t\t\t\t<div class=\"col-inner text-right\"  >\n\t\t\t\n\t\t\t\n\n\t<div class=\"img has-hover x md-x lg-x y md-y lg-y\" id=\"image_2096521656\">\n\t\t\t\t\t\t\t\t<div class=\"img-inner dark\" >\n\t\t\t<img decoding=\"async\" width=\"200\" height=\"32\" src=\"https:\/\/promak.si\/wp-content\/uploads\/2023\/09\/t.png.webp\" class=\"attachment-large size-large\" alt=\"\">\t\t\t\t\t\t\n\t\t\t\t\t<\/div>\n\t\t\t\t\t\t\t\t\n<style>\n#image_2096521656 {\n  width: 75%;\n}\n<\/style>\n\t<\/div>\n\t\n\n\n\t\t<\/div>\n\t\t\t\t\t<\/div>\n\n\t\n\n\t<div id=\"col-2063389340\" class=\"col small-12 large-12\"  >\n\t\t\t\t<div class=\"col-inner\"  >\n\t\t\t\n\t<div class=\"is-border\"\n\t\tstyle=\"border-color:rgb(220, 220, 220);border-width:3px 0px 0px 0px;\">\n\t<\/div>\n\t\t\t\n\n\t<div id=\"text-148828860\" class=\"text\">\n\t\t\n\n<p>Odu\u0161evio me prirodni izgled umjetnog zelenog zida. Obogatio je moj interijer dodirom prirode, a ne moram brinuti oko odr\u017eavanja. Preporu\u010dujem!<\/p>\n\n\t\t\n<style>\n#text-148828860 {\n  text-align: center;\n}\n<\/style>\n\t<\/div>\n\t\n\n\t\t<\/div>\n\t\t\t\t\n<style>\n#col-2063389340 > .col-inner {\n  padding: 10px 0px 0px 0px;\n}\n<\/style>\n\t<\/div>\n\n\t\n\n<\/div>\n\n\t\t<\/div>\n\t\t\t\t\n<style>\n#col-1505411077 > .col-inner {\n  padding: 15px 15px 15px 15px;\n}\n<\/style>\n\t<\/div>\n\n\t\n\n\t<div id=\"col-1435025031\" class=\"col medium-3 small-12 large-3\"  >\n\t\t\t\t<div class=\"col-inner\"  >\n\t\t\t\n\t<div class=\"is-border\"\n\t\tstyle=\"border-color:rgb(220, 220, 220);border-width:3px 3px 3px 3px;\">\n\t<\/div>\n\t\t\t\n\n<div class=\"row row-collapse\"  id=\"row-765197623\">\n\n\n\t<div id=\"col-35989874\" class=\"col medium-6 small-6 large-6\"  >\n\t\t\t\t<div class=\"col-inner\"  >\n\t\t\t\n\t\t\t\n\n<h4>Uro\u0161 K.<\/h4>\n\n\t\t<\/div>\n\t\t\t\t\t<\/div>\n\n\t\n\n\t<div id=\"col-223603701\" class=\"col medium-6 small-6 large-6\"  >\n\t\t\t\t<div class=\"col-inner text-right\"  >\n\t\t\t\n\t\t\t\n\n\t<div class=\"img has-hover x md-x lg-x y md-y lg-y\" id=\"image_641206514\">\n\t\t\t\t\t\t\t\t<div class=\"img-inner dark\" >\n\t\t\t<img decoding=\"async\" width=\"200\" height=\"34\" src=\"https:\/\/promak.si\/wp-content\/uploads\/2023\/09\/t.webp\" class=\"attachment-large size-large\" alt=\"\">\t\t\t\t\t\t\n\t\t\t\t\t<\/div>\n\t\t\t\t\t\t\t\t\n<style>\n#image_641206514 {\n  width: 75%;\n}\n<\/style>\n\t<\/div>\n\t\n\n\n\t\t<\/div>\n\t\t\t\t\t<\/div>\n\n\t\n\n\t<div id=\"col-882465197\" class=\"col small-12 large-12\"  >\n\t\t\t\t<div class=\"col-inner\"  >\n\t\t\t\n\t<div class=\"is-border\"\n\t\tstyle=\"border-color:rgb(220, 220, 220);border-width:3px 0px 0px 0px;\">\n\t<\/div>\n\t\t\t\n\n\t<div id=\"text-4249316950\" class=\"text\">\n\t\t\n\n<p>Na po\u010detku sam bio skepti\u010dan, ali kvaliteta umjetnog zelenog zida koji sam kupio nadma\u0161ila je moja o\u010dekivanja. Teksture i boje su nevjerojatno realisti\u010dne.<\/p>\n\n\t\t\n<style>\n#text-4249316950 {\n  text-align: center;\n}\n<\/style>\n\t<\/div>\n\t\n\n\t\t<\/div>\n\t\t\t\t\n<style>\n#col-882465197 > .col-inner {\n  padding: 10px 0px 0px 0px;\n}\n<\/style>\n\t<\/div>\n\n\t\n\n<\/div>\n\n\t\t<\/div>\n\t\t\t\t\n<style>\n#col-1435025031 > .col-inner {\n  padding: 15px 15px 15px 15px;\n}\n<\/style>\n\t<\/div>\n\n\t\n\n\t<div id=\"col-82239246\" class=\"col medium-3 small-12 large-3\"  >\n\t\t\t\t<div class=\"col-inner\"  >\n\t\t\t\n\t<div class=\"is-border\"\n\t\tstyle=\"border-color:rgb(220, 220, 220);border-width:3px 3px 3px 3px;\">\n\t<\/div>\n\t\t\t\n\n<div class=\"row row-collapse\"  id=\"row-168897192\">\n\n\n\t<div id=\"col-2131162303\" class=\"col medium-6 small-6 large-6\"  >\n\t\t\t\t<div class=\"col-inner\"  >\n\t\t\t\n\t\t\t\n\n<h4>Ma\u0161a B.<\/h4>\n\n\t\t<\/div>\n\t\t\t\t\t<\/div>\n\n\t\n\n\t<div id=\"col-1622798168\" class=\"col medium-6 small-6 large-6\"  >\n\t\t\t\t<div class=\"col-inner text-right\"  >\n\t\t\t\n\t\t\t\n\n\t<div class=\"img has-hover x md-x lg-x y md-y lg-y\" id=\"image_1214925002\">\n\t\t\t\t\t\t\t\t<div class=\"img-inner dark\" >\n\t\t\t<img decoding=\"async\" width=\"200\" height=\"32\" src=\"https:\/\/promak.si\/wp-content\/uploads\/2023\/09\/t.png.webp\" class=\"attachment-large size-large\" alt=\"\">\t\t\t\t\t\t\n\t\t\t\t\t<\/div>\n\t\t\t\t\t\t\t\t\n<style>\n#image_1214925002 {\n  width: 75%;\n}\n<\/style>\n\t<\/div>\n\t\n\n\n\t\t<\/div>\n\t\t\t\t\t<\/div>\n\n\t\n\n\t<div id=\"col-710965993\" class=\"col small-12 large-12\"  >\n\t\t\t\t<div class=\"col-inner\"  >\n\t\t\t\n\t<div class=\"is-border\"\n\t\tstyle=\"border-color:rgb(220, 220, 220);border-width:3px 0px 0px 0px;\">\n\t<\/div>\n\t\t\t\n\n\t<div id=\"text-3296963494\" class=\"text\">\n\t\t\n\n<p>Vrhunska kvaliteta u usporedbi s drugim zelenim zidovima, a sve po razumnoj cijeni.<br \/>\nPreporu\u010dujem kupnju.<\/p>\n\n\t\t\n<style>\n#text-3296963494 {\n  text-align: center;\n}\n<\/style>\n\t<\/div>\n\t\n\n\t\t<\/div>\n\t\t\t\t\n<style>\n#col-710965993 > .col-inner {\n  padding: 10px 0px 0px 0px;\n}\n<\/style>\n\t<\/div>\n\n\t\n\n<\/div>\n\n\t\t<\/div>\n\t\t\t\t\n<style>\n#col-82239246 > .col-inner {\n  padding: 15px 15px 15px 15px;\n}\n<\/style>\n\t<\/div>\n\n\t\n\n\t<div id=\"col-1379145318\" class=\"col medium-3 small-12 large-3\"  >\n\t\t\t\t<div class=\"col-inner\"  >\n\t\t\t\n\t<div class=\"is-border\"\n\t\tstyle=\"border-color:rgb(220, 220, 220);border-width:3px 3px 3px 3px;\">\n\t<\/div>\n\t\t\t\n\n<div class=\"row row-collapse\"  id=\"row-990877039\">\n\n\n\t<div id=\"col-656180475\" class=\"col medium-6 small-6 large-6\"  >\n\t\t\t\t<div class=\"col-inner\"  >\n\t\t\t\n\t\t\t\n\n<h4>Jasna \u017d.<\/h4>\n\n\t\t<\/div>\n\t\t\t\t\t<\/div>\n\n\t\n\n\t<div id=\"col-323667983\" class=\"col medium-6 small-6 large-6\"  >\n\t\t\t\t<div class=\"col-inner text-right\"  >\n\t\t\t\n\t\t\t\n\n\t<div class=\"img has-hover x md-x lg-x y md-y lg-y\" id=\"image_500045245\">\n\t\t\t\t\t\t\t\t<div class=\"img-inner dark\" >\n\t\t\t<img decoding=\"async\" width=\"200\" height=\"34\" src=\"https:\/\/promak.si\/wp-content\/uploads\/2023\/09\/t-1.webp\" class=\"attachment-large size-large\" alt=\"\">\t\t\t\t\t\t\n\t\t\t\t\t<\/div>\n\t\t\t\t\t\t\t\t\n<style>\n#image_500045245 {\n  width: 75%;\n}\n<\/style>\n\t<\/div>\n\t\n\n\n\t\t<\/div>\n\t\t\t\t\t<\/div>\n\n\t\n\n\t<div id=\"col-1457766718\" class=\"col small-12 large-12\"  >\n\t\t\t\t<div class=\"col-inner\"  >\n\t\t\t\n\t<div class=\"is-border\"\n\t\tstyle=\"border-color:rgb(220, 220, 220);border-width:3px 0px 0px 0px;\">\n\t<\/div>\n\t\t\t\n\n\t<div id=\"text-3691641054\" class=\"text\">\n\t\t\n\n<p>Vrlo sam zadovoljna s kupnjom, ali nisam znala da mo\u017eete dodati i umjetne biljke kako bi zid izgledao puniji, pa sam morala ponovno naru\u010diti i to. No, paket je stigao vrlo brzo.<\/p>\n\n\t\t\n<style>\n#text-3691641054 {\n  text-align: center;\n}\n<\/style>\n\t<\/div>\n\t\n\n\t\t<\/div>\n\t\t\t\t\n<style>\n#col-1457766718 > .col-inner {\n  padding: 10px 0px 0px 0px;\n}\n<\/style>\n\t<\/div>\n\n\t\n\n<\/div>\n\n\t\t<\/div>\n\t\t\t\t\n<style>\n#col-1379145318 > .col-inner {\n  padding: 15px 15px 15px 15px;\n}\n<\/style>\n\t<\/div>\n\n\t\n\n<\/div>\n\n\n<script>jQuery('.product_cat-zelene-stene .product-gallery-slider').addClass('uv-badge uv-badge-product');<\/script>\n\n","protected":false},"excerpt":{"rendered":"<span style=\"background-color: #ed1c24; color: #ffffff; font-size: 18px; padding: 5px 10px; display: block; margin-top: -40px; margin-bottom: 20px;\">NAJJEFTINIJE U HRVATSKI<\/span>\n<p><strong>SCHEFFLERA 50x50cm<\/strong> otporna na UV zra\u010denje je izdr\u017eljiva i svestrana zidna plo\u010da, pogodna za unutarnju i vanjsku upotrebu. Izra\u0111en od materijala otpornih na UV zra\u010denje, jednostavan je za postavljanje i stvara zadivljuju\u0107i zeleni zid.<\/p>\n","protected":false},"featured_media":16860,"template":"","meta":[],"product_brand":[],"product_cat":[559,554,817],"product_tag":[],"class_list":{"0":"post-15496","1":"product","2":"type-product","3":"status-publish","4":"has-post-thumbnail","6":"product_cat-zeleni-zidovi","7":"product_cat-umjetne-biljke","8":"product_cat-vanjske-umjetne-biljke","9":"pa_velikost-50cm-hr","11":"first","12":"instock","13":"sale","14":"featured","15":"taxable","16":"shipping-taxable","17":"purchasable","18":"product-type-simple"},"_links":{"self":[{"href":"https:\/\/promak.si\/hr\/wp-json\/wp\/v2\/product\/15496","targetHints":{"allow":["GET"]}}],"collection":[{"href":"https:\/\/promak.si\/hr\/wp-json\/wp\/v2\/product"}],"about":[{"href":"https:\/\/promak.si\/hr\/wp-json\/wp\/v2\/types\/product"}],"wp:featuredmedia":[{"embeddable":true,"href":"https:\/\/promak.si\/hr\/wp-json\/wp\/v2\/media\/16860"}],"wp:attachment":[{"href":"https:\/\/promak.si\/hr\/wp-json\/wp\/v2\/media?parent=15496"}],"wp:term":[{"taxonomy":"product_brand","embeddable":true,"href":"https:\/\/promak.si\/hr\/wp-json\/wp\/v2\/product_brand?post=15496"},{"taxonomy":"product_cat","embeddable":true,"href":"https:\/\/promak.si\/hr\/wp-json\/wp\/v2\/product_cat?post=15496"},{"taxonomy":"product_tag","embeddable":true,"href":"https:\/\/promak.si\/hr\/wp-json\/wp\/v2\/product_tag?post=15496"}],"curies":[{"name":"wp","href":"https:\/\/api.w.org\/{rel}","templated":true}]}}