{"id":14344,"date":"2022-11-05T14:09:29","date_gmt":"2022-11-05T13:09:29","guid":{"rendered":"https:\/\/promak.si\/trgovina\/nekategorizirano\/vencek-smreka-nobilis-west-d-56-cm\/"},"modified":"2026-04-25T01:25:53","modified_gmt":"2026-04-24T23:25:53","slug":"vencek-smreka-nobilis-west-d-56-cm","status":"publish","type":"product","link":"https:\/\/promak.si\/trgovina\/vencek-smreka-nobilis-west-d-56-cm\/","title":{"rendered":"Ven\u010dek smreka nobilis west d-56 cm"},"content":{"rendered":"<p>Novoletni ven\u010dek iz smre\u010dja nordijske smreke nobilis, premer 56cm<\/p>\n","protected":false},"excerpt":{"rendered":"<p>Novoletni ven\u010dek iz smre\u010dja nordijske smreke nobilis, premer 56cm<\/p>\n","protected":false},"featured_media":14317,"template":"","meta":[],"product_brand":[],"product_cat":[88,58],"product_tag":[],"class_list":{"0":"post-14344","1":"product","2":"type-product","3":"status-publish","4":"has-post-thumbnail","6":"product_cat-bozic","7":"product_cat-vencki","9":"first","10":"outofstock","11":"taxable","12":"shipping-taxable","13":"purchasable","14":"product-type-simple"},"_links":{"self":[{"href":"https:\/\/promak.si\/hr\/wp-json\/wp\/v2\/product\/14344","targetHints":{"allow":["GET"]}}],"collection":[{"href":"https:\/\/promak.si\/hr\/wp-json\/wp\/v2\/product"}],"about":[{"href":"https:\/\/promak.si\/hr\/wp-json\/wp\/v2\/types\/product"}],"wp:featuredmedia":[{"embeddable":true,"href":"https:\/\/promak.si\/hr\/wp-json\/wp\/v2\/media\/14317"}],"wp:attachment":[{"href":"https:\/\/promak.si\/hr\/wp-json\/wp\/v2\/media?parent=14344"}],"wp:term":[{"taxonomy":"product_brand","embeddable":true,"href":"https:\/\/promak.si\/hr\/wp-json\/wp\/v2\/product_brand?post=14344"},{"taxonomy":"product_cat","embeddable":true,"href":"https:\/\/promak.si\/hr\/wp-json\/wp\/v2\/product_cat?post=14344"},{"taxonomy":"product_tag","embeddable":true,"href":"https:\/\/promak.si\/hr\/wp-json\/wp\/v2\/product_tag?post=14344"}],"curies":[{"name":"wp","href":"https:\/\/api.w.org\/{rel}","templated":true}]}}