{"id":14264,"date":"2022-11-04T14:49:41","date_gmt":"2022-11-04T13:49:41","guid":{"rendered":"https:\/\/promak.si\/trgovina\/nekategorizirano\/vrecka-kot-celofan-30x40-set-100\/"},"modified":"2026-03-26T01:25:19","modified_gmt":"2026-03-26T00:25:19","slug":"vrecka-kot-celofan-30x40-set-100","status":"publish","type":"product","link":"https:\/\/promak.si\/trgovina\/vrecka-kot-celofan-30x40-set-100\/","title":{"rendered":"Vre\u010dka kot celofan 30&#215;40 set 100"},"content":{"rendered":"<p>Vre\u010dke iz PP materiala kot celofan vre\u010dke.<\/p>\n<p>Prozorne in primerne tudi za \u017eivila.<\/p>\n<p>S certifikatom za stik z \u017eivili.<\/p>\n<p>V paketu je 100 vre\u010dk.<\/p>\n","protected":false},"excerpt":{"rendered":"<p>Vre\u010dke iz PP materiala kot celofan vre\u010dke. Prozorne in primerne tudi za \u017eivila. S certifikatom za stik z \u017eivili. V paketu je 100 vre\u010dk.<\/p>\n","protected":false},"featured_media":14269,"template":"","meta":[],"product_brand":[],"product_cat":[789,790],"product_tag":[],"class_list":{"0":"post-14264","1":"product","2":"type-product","3":"status-publish","4":"has-post-thumbnail","6":"product_cat-dekoracija","7":"product_cat-celofan-vrecke","9":"first","10":"instock","11":"taxable","12":"shipping-taxable","13":"purchasable","14":"product-type-simple"},"_links":{"self":[{"href":"https:\/\/promak.si\/hr\/wp-json\/wp\/v2\/product\/14264","targetHints":{"allow":["GET"]}}],"collection":[{"href":"https:\/\/promak.si\/hr\/wp-json\/wp\/v2\/product"}],"about":[{"href":"https:\/\/promak.si\/hr\/wp-json\/wp\/v2\/types\/product"}],"wp:featuredmedia":[{"embeddable":true,"href":"https:\/\/promak.si\/hr\/wp-json\/wp\/v2\/media\/14269"}],"wp:attachment":[{"href":"https:\/\/promak.si\/hr\/wp-json\/wp\/v2\/media?parent=14264"}],"wp:term":[{"taxonomy":"product_brand","embeddable":true,"href":"https:\/\/promak.si\/hr\/wp-json\/wp\/v2\/product_brand?post=14264"},{"taxonomy":"product_cat","embeddable":true,"href":"https:\/\/promak.si\/hr\/wp-json\/wp\/v2\/product_cat?post=14264"},{"taxonomy":"product_tag","embeddable":true,"href":"https:\/\/promak.si\/hr\/wp-json\/wp\/v2\/product_tag?post=14264"}],"curies":[{"name":"wp","href":"https:\/\/api.w.org\/{rel}","templated":true}]}}