{"id":14222,"date":"2022-10-29T15:38:00","date_gmt":"2022-10-29T13:38:00","guid":{"rendered":"https:\/\/promak.si\/?post_type=product&#038;p=14222"},"modified":"2024-11-09T08:26:17","modified_gmt":"2024-11-09T07:26:17","slug":"cascata-microled-x672-sop-h-210-cm-8-efekt","status":"publish","type":"product","link":"https:\/\/promak.si\/hr\/trgovina\/cascata-microled-x672-sop-h-210-cm-8-efekt\/","title":{"rendered":"Cascata microled x672 \u0160op h-210 cm \/8 efekt"},"content":{"rendered":"","protected":false},"excerpt":{"rendered":"<p>Bo\u017ei\u0107ne lampice u hrpi. Du\u017eina konca 210cm. U setu se nalazi 672 mikro LED svjetla. 8 razli\u010ditih efekata bljeskanja. Prikladno za unutarnju i vanjsku upotrebu.<\/p>\n","protected":false},"featured_media":14043,"template":"","meta":[],"product_brand":[],"product_cat":[542,788],"product_tag":[],"class_list":{"0":"post-14222","1":"product","2":"type-product","3":"status-publish","4":"has-post-thumbnail","6":"product_cat-bozic-nova-godina","7":"product_cat-bozicne-lampice","9":"first","10":"outofstock","11":"taxable","12":"shipping-taxable","13":"purchasable","14":"product-type-simple"},"_links":{"self":[{"href":"https:\/\/promak.si\/hr\/wp-json\/wp\/v2\/product\/14222","targetHints":{"allow":["GET"]}}],"collection":[{"href":"https:\/\/promak.si\/hr\/wp-json\/wp\/v2\/product"}],"about":[{"href":"https:\/\/promak.si\/hr\/wp-json\/wp\/v2\/types\/product"}],"wp:featuredmedia":[{"embeddable":true,"href":"https:\/\/promak.si\/hr\/wp-json\/wp\/v2\/media\/14043"}],"wp:attachment":[{"href":"https:\/\/promak.si\/hr\/wp-json\/wp\/v2\/media?parent=14222"}],"wp:term":[{"taxonomy":"product_brand","embeddable":true,"href":"https:\/\/promak.si\/hr\/wp-json\/wp\/v2\/product_brand?post=14222"},{"taxonomy":"product_cat","embeddable":true,"href":"https:\/\/promak.si\/hr\/wp-json\/wp\/v2\/product_cat?post=14222"},{"taxonomy":"product_tag","embeddable":true,"href":"https:\/\/promak.si\/hr\/wp-json\/wp\/v2\/product_tag?post=14222"}],"curies":[{"name":"wp","href":"https:\/\/api.w.org\/{rel}","templated":true}]}}