{"id":14083,"date":"2022-10-29T15:37:54","date_gmt":"2022-10-29T13:37:54","guid":{"rendered":"https:\/\/promak.si\/trgovina\/nekategorizirano\/lucke-microled-x-240m-12-8-efekt\/"},"modified":"2025-02-18T01:40:07","modified_gmt":"2025-02-18T00:40:07","slug":"lucke-microled-x-240m-12-8-efekt","status":"publish","type":"product","link":"https:\/\/promak.si\/trgovina\/lucke-microled-x-240m-12-8-efekt\/","title":{"rendered":"Novoletne lu\u010dke mikro led x240 (12m, 8 efektov utripanja)"},"content":{"rendered":"","protected":false},"excerpt":{"rendered":"<p>Bo\u017ei\u010dne Micro led lu\u010dke z osmimi efekti utripanja. V nizu je 240 lu\u010dk na 12 metrov kabla. Lahko nastavite, da utripajo ali samo gorijo. Topla bela svetloba. Primerne za notranjo ali zunanjo uporabo.<\/p>\n","protected":false},"featured_media":14026,"template":"","meta":[],"product_brand":[],"product_cat":[88,787],"product_tag":[],"class_list":{"0":"post-14083","1":"product","2":"type-product","3":"status-publish","4":"has-post-thumbnail","6":"product_cat-bozic","7":"product_cat-novoletne-lucke","9":"first","10":"outofstock","11":"taxable","12":"shipping-taxable","13":"purchasable","14":"product-type-simple"},"_links":{"self":[{"href":"https:\/\/promak.si\/hr\/wp-json\/wp\/v2\/product\/14083","targetHints":{"allow":["GET"]}}],"collection":[{"href":"https:\/\/promak.si\/hr\/wp-json\/wp\/v2\/product"}],"about":[{"href":"https:\/\/promak.si\/hr\/wp-json\/wp\/v2\/types\/product"}],"wp:featuredmedia":[{"embeddable":true,"href":"https:\/\/promak.si\/hr\/wp-json\/wp\/v2\/media\/14026"}],"wp:attachment":[{"href":"https:\/\/promak.si\/hr\/wp-json\/wp\/v2\/media?parent=14083"}],"wp:term":[{"taxonomy":"product_brand","embeddable":true,"href":"https:\/\/promak.si\/hr\/wp-json\/wp\/v2\/product_brand?post=14083"},{"taxonomy":"product_cat","embeddable":true,"href":"https:\/\/promak.si\/hr\/wp-json\/wp\/v2\/product_cat?post=14083"},{"taxonomy":"product_tag","embeddable":true,"href":"https:\/\/promak.si\/hr\/wp-json\/wp\/v2\/product_tag?post=14083"}],"curies":[{"name":"wp","href":"https:\/\/api.w.org\/{rel}","templated":true}]}}