{"id":13880,"date":"2022-10-29T11:55:54","date_gmt":"2022-10-29T09:55:54","guid":{"rendered":"https:\/\/promak.si\/trgovina\/nekategorizirano\/sveca-stelo-300x22-set-2-skatla-zlata\/"},"modified":"2026-04-25T01:20:42","modified_gmt":"2026-04-24T23:20:42","slug":"sveca-stelo-300x22-set-2-skatla-zlata","status":"publish","type":"product","link":"https:\/\/promak.si\/trgovina\/sveca-stelo-300x22-set-2-skatla-zlata\/","title":{"rendered":"Sve\u010da stelo 300&#215;22 set 2-\u0160katla zlata"},"content":{"rendered":"<p>Novoletna ali adventna sve\u010da. Najbolj\u0161e kvalitete. Se ne cedi in ne kadi. Gori zelo dolgo.<\/p>\n<hr>\n<h5>Material:<\/h5>\n<h5>Dimenizija:<\/h5>\n<p> cm<\/p>\n","protected":false},"excerpt":{"rendered":"<p>Novoletna ali adventna sve\u010da. Najbolj\u0161e kvalitete. Se ne cedi in ne kadi. Gori zelo dolgo.<\/p>\n","protected":false},"featured_media":12497,"template":"","meta":[],"product_brand":[],"product_cat":[60],"product_tag":[],"class_list":{"0":"post-13880","1":"product","2":"type-product","3":"status-publish","4":"has-post-thumbnail","6":"product_cat-svece","8":"first","9":"instock","10":"taxable","11":"shipping-taxable","12":"purchasable","13":"product-type-simple"},"_links":{"self":[{"href":"https:\/\/promak.si\/hr\/wp-json\/wp\/v2\/product\/13880","targetHints":{"allow":["GET"]}}],"collection":[{"href":"https:\/\/promak.si\/hr\/wp-json\/wp\/v2\/product"}],"about":[{"href":"https:\/\/promak.si\/hr\/wp-json\/wp\/v2\/types\/product"}],"wp:featuredmedia":[{"embeddable":true,"href":"https:\/\/promak.si\/hr\/wp-json\/wp\/v2\/media\/12497"}],"wp:attachment":[{"href":"https:\/\/promak.si\/hr\/wp-json\/wp\/v2\/media?parent=13880"}],"wp:term":[{"taxonomy":"product_brand","embeddable":true,"href":"https:\/\/promak.si\/hr\/wp-json\/wp\/v2\/product_brand?post=13880"},{"taxonomy":"product_cat","embeddable":true,"href":"https:\/\/promak.si\/hr\/wp-json\/wp\/v2\/product_cat?post=13880"},{"taxonomy":"product_tag","embeddable":true,"href":"https:\/\/promak.si\/hr\/wp-json\/wp\/v2\/product_tag?post=13880"}],"curies":[{"name":"wp","href":"https:\/\/api.w.org\/{rel}","templated":true}]}}