{"id":13833,"date":"2022-10-29T11:55:45","date_gmt":"2022-10-29T09:55:45","guid":{"rendered":"https:\/\/promak.si\/trgovina\/nekategorizirano\/sveca-rustic-mocc-h-7d-6-cm-lavanda\/"},"modified":"2026-01-29T01:25:10","modified_gmt":"2026-01-29T00:25:10","slug":"sveca-rustic-mocc-h-7d-6-cm-lavanda","status":"publish","type":"product","link":"https:\/\/promak.si\/trgovina\/sveca-rustic-mocc-h-7d-6-cm-lavanda\/","title":{"rendered":"Sve\u010da rustic mocc. h-7,d-6 cm lavanda"},"content":{"rendered":"<p>Novoletna ali adventna sve\u010da. Najbolj\u0161e kvalitete. Se ne cedi in ne kadi. Gori zelo dolgo.<\/p>\n<hr>\n<h5>Material:<\/h5>\n<h5>Dimenizija:<\/h5>\n<p> cm<\/p>\n","protected":false},"excerpt":{"rendered":"<p>Novoletna ali adventna sve\u010da. Najbolj\u0161e kvalitete. Se ne cedi in ne kadi. Gori zelo dolgo.<\/p>\n","protected":false},"featured_media":12533,"template":"","meta":[],"product_brand":[],"product_cat":[60],"product_tag":[],"class_list":{"0":"post-13833","1":"product","2":"type-product","3":"status-publish","4":"has-post-thumbnail","6":"product_cat-svece","8":"first","9":"instock","10":"taxable","11":"shipping-taxable","12":"purchasable","13":"product-type-simple"},"_links":{"self":[{"href":"https:\/\/promak.si\/hr\/wp-json\/wp\/v2\/product\/13833","targetHints":{"allow":["GET"]}}],"collection":[{"href":"https:\/\/promak.si\/hr\/wp-json\/wp\/v2\/product"}],"about":[{"href":"https:\/\/promak.si\/hr\/wp-json\/wp\/v2\/types\/product"}],"wp:featuredmedia":[{"embeddable":true,"href":"https:\/\/promak.si\/hr\/wp-json\/wp\/v2\/media\/12533"}],"wp:attachment":[{"href":"https:\/\/promak.si\/hr\/wp-json\/wp\/v2\/media?parent=13833"}],"wp:term":[{"taxonomy":"product_brand","embeddable":true,"href":"https:\/\/promak.si\/hr\/wp-json\/wp\/v2\/product_brand?post=13833"},{"taxonomy":"product_cat","embeddable":true,"href":"https:\/\/promak.si\/hr\/wp-json\/wp\/v2\/product_cat?post=13833"},{"taxonomy":"product_tag","embeddable":true,"href":"https:\/\/promak.si\/hr\/wp-json\/wp\/v2\/product_tag?post=13833"}],"curies":[{"name":"wp","href":"https:\/\/api.w.org\/{rel}","templated":true}]}}