{"id":13709,"date":"2022-10-29T11:55:20","date_gmt":"2022-10-29T09:55:20","guid":{"rendered":"https:\/\/promak.si\/trgovina\/nekategorizirano\/teloh-elleboro-zasnezen-sopek-x-5\/"},"modified":"2026-02-12T01:25:06","modified_gmt":"2026-02-12T00:25:06","slug":"teloh-elleboro-zasnezen-sopek-x-5","status":"publish","type":"product","link":"https:\/\/promak.si\/trgovina\/teloh-elleboro-zasnezen-sopek-x-5\/","title":{"rendered":"Teloh-Elleboro zasne\u017een \u0160opek x 5"},"content":{"rendered":"<p>Zasne\u017een \u0161opek teloha.<\/p>\n<hr>\n<h5>Material:<\/h5>\n<p> pvc<\/p>\n<h5>Dimenizija:<\/h5>\n<p> 28cm<\/p>\n","protected":false},"excerpt":{"rendered":"<p>Zasne\u017een \u0161opek teloha.<\/p>\n","protected":false},"featured_media":13093,"template":"","meta":[],"product_brand":[],"product_cat":[88,514],"product_tag":[937],"class_list":{"0":"post-13709","1":"product","2":"type-product","3":"status-publish","4":"has-post-thumbnail","6":"product_cat-bozic","7":"product_cat-novoletne-roze","8":"product_tag-kolekcija-beli-bozic","10":"first","11":"instock","12":"taxable","13":"shipping-taxable","14":"purchasable","15":"product-type-simple"},"_links":{"self":[{"href":"https:\/\/promak.si\/hr\/wp-json\/wp\/v2\/product\/13709","targetHints":{"allow":["GET"]}}],"collection":[{"href":"https:\/\/promak.si\/hr\/wp-json\/wp\/v2\/product"}],"about":[{"href":"https:\/\/promak.si\/hr\/wp-json\/wp\/v2\/types\/product"}],"wp:featuredmedia":[{"embeddable":true,"href":"https:\/\/promak.si\/hr\/wp-json\/wp\/v2\/media\/13093"}],"wp:attachment":[{"href":"https:\/\/promak.si\/hr\/wp-json\/wp\/v2\/media?parent=13709"}],"wp:term":[{"taxonomy":"product_brand","embeddable":true,"href":"https:\/\/promak.si\/hr\/wp-json\/wp\/v2\/product_brand?post=13709"},{"taxonomy":"product_cat","embeddable":true,"href":"https:\/\/promak.si\/hr\/wp-json\/wp\/v2\/product_cat?post=13709"},{"taxonomy":"product_tag","embeddable":true,"href":"https:\/\/promak.si\/hr\/wp-json\/wp\/v2\/product_tag?post=13709"}],"curies":[{"name":"wp","href":"https:\/\/api.w.org\/{rel}","templated":true}]}}