{"id":13557,"date":"2022-10-29T11:54:43","date_gmt":"2022-10-29T09:54:43","guid":{"rendered":"https:\/\/promak.si\/trgovina\/nekategorizirano\/krogla-steklo-d-8-cm-x-1-srebrno-ledena-lesk\/"},"modified":"2026-04-25T01:25:52","modified_gmt":"2026-04-24T23:25:52","slug":"krogla-steklo-d-8-cm-x-1-srebrno-ledena-lesk","status":"publish","type":"product","link":"https:\/\/promak.si\/trgovina\/krogla-steklo-d-8-cm-x-1-srebrno-ledena-lesk\/","title":{"rendered":"Krogla steklo d-8 cm x 1 srebrno ledena lesk"},"content":{"rendered":"<p>Novoletni okrasek srebrne barve z ledeno ble\u0161\u010de\u010do obrobo.<\/p>\n<hr>\n<h5>Material:<\/h5>\n<p> steklo<\/p>\n<h5>Dimenizija:<\/h5>\n<p> 8cm<\/p>\n","protected":false},"excerpt":{"rendered":"<p>Novoletni okrasek srebrne barve z ledeno ble\u0161\u010de\u010do obrobo.<\/p>\n","protected":false},"featured_media":12921,"template":"","meta":[],"product_brand":[],"product_cat":[88,18],"product_tag":[],"class_list":{"0":"post-13557","1":"product","2":"type-product","3":"status-publish","4":"has-post-thumbnail","6":"product_cat-bozic","7":"product_cat-novoletni-okraski","9":"first","10":"outofstock","11":"taxable","12":"shipping-taxable","13":"purchasable","14":"product-type-simple"},"_links":{"self":[{"href":"https:\/\/promak.si\/hr\/wp-json\/wp\/v2\/product\/13557","targetHints":{"allow":["GET"]}}],"collection":[{"href":"https:\/\/promak.si\/hr\/wp-json\/wp\/v2\/product"}],"about":[{"href":"https:\/\/promak.si\/hr\/wp-json\/wp\/v2\/types\/product"}],"wp:featuredmedia":[{"embeddable":true,"href":"https:\/\/promak.si\/hr\/wp-json\/wp\/v2\/media\/12921"}],"wp:attachment":[{"href":"https:\/\/promak.si\/hr\/wp-json\/wp\/v2\/media?parent=13557"}],"wp:term":[{"taxonomy":"product_brand","embeddable":true,"href":"https:\/\/promak.si\/hr\/wp-json\/wp\/v2\/product_brand?post=13557"},{"taxonomy":"product_cat","embeddable":true,"href":"https:\/\/promak.si\/hr\/wp-json\/wp\/v2\/product_cat?post=13557"},{"taxonomy":"product_tag","embeddable":true,"href":"https:\/\/promak.si\/hr\/wp-json\/wp\/v2\/product_tag?post=13557"}],"curies":[{"name":"wp","href":"https:\/\/api.w.org\/{rel}","templated":true}]}}