{"id":13546,"date":"2022-10-29T11:54:43","date_gmt":"2022-10-29T09:54:43","guid":{"rendered":"https:\/\/promak.si\/trgovina\/nekategorizirano\/krogla-trottola-steklo-ledena-10-cm\/"},"modified":"2026-04-25T01:30:30","modified_gmt":"2026-04-24T23:30:30","slug":"krogla-trottola-steklo-ledena-10-cm","status":"publish","type":"product","link":"https:\/\/promak.si\/trgovina\/krogla-trottola-steklo-ledena-10-cm\/","title":{"rendered":"Krogla trottola steklo ledena 10 cm"},"content":{"rendered":"<p>Novoletni okrasek v srebrni barvi z ledenim ble\u0161\u010de\u010dim posipom s perlicami.<\/p>\n<hr>\n<h5>Material:<\/h5>\n<p> steklo<\/p>\n<h5>Dimenizija:<\/h5>\n<p> 10cm<\/p>\n","protected":false},"excerpt":{"rendered":"<p>Novoletni okrasek v srebrni barvi z ledenim ble\u0161\u010de\u010dim posipom s perlicami.<\/p>\n","protected":false},"featured_media":20931,"template":"","meta":[],"product_brand":[],"product_cat":[88,18],"product_tag":[937,928],"class_list":{"0":"post-13546","1":"product","2":"type-product","3":"status-publish","4":"has-post-thumbnail","6":"product_cat-bozic","7":"product_cat-novoletni-okraski","8":"product_tag-kolekcija-beli-bozic","9":"product_tag-kolekcija-ledena-pravljica","10":"pa_barva-srebrna","11":"pa_velikost-10cm","13":"first","14":"instock","15":"taxable","16":"shipping-taxable","17":"purchasable","18":"product-type-simple"},"_links":{"self":[{"href":"https:\/\/promak.si\/hr\/wp-json\/wp\/v2\/product\/13546","targetHints":{"allow":["GET"]}}],"collection":[{"href":"https:\/\/promak.si\/hr\/wp-json\/wp\/v2\/product"}],"about":[{"href":"https:\/\/promak.si\/hr\/wp-json\/wp\/v2\/types\/product"}],"wp:featuredmedia":[{"embeddable":true,"href":"https:\/\/promak.si\/hr\/wp-json\/wp\/v2\/media\/20931"}],"wp:attachment":[{"href":"https:\/\/promak.si\/hr\/wp-json\/wp\/v2\/media?parent=13546"}],"wp:term":[{"taxonomy":"product_brand","embeddable":true,"href":"https:\/\/promak.si\/hr\/wp-json\/wp\/v2\/product_brand?post=13546"},{"taxonomy":"product_cat","embeddable":true,"href":"https:\/\/promak.si\/hr\/wp-json\/wp\/v2\/product_cat?post=13546"},{"taxonomy":"product_tag","embeddable":true,"href":"https:\/\/promak.si\/hr\/wp-json\/wp\/v2\/product_tag?post=13546"}],"curies":[{"name":"wp","href":"https:\/\/api.w.org\/{rel}","templated":true}]}}