{"id":13413,"date":"2022-10-29T11:54:11","date_gmt":"2022-10-29T09:54:11","guid":{"rendered":"https:\/\/promak.si\/trgovina\/nekategorizirano\/krogla-steklo-jupiter-d-10cm-rdeca\/"},"modified":"2026-04-22T01:35:21","modified_gmt":"2026-04-21T23:35:21","slug":"krogla-steklo-jupiter-d-10cm-rdeca","status":"publish","type":"product","link":"https:\/\/promak.si\/trgovina\/krogla-steklo-jupiter-d-10cm-rdeca\/","title":{"rendered":"Krogla steklo jupiter d-10cm rde\u010da"},"content":{"rendered":"<p>Novoletni okrasek bogate rde\u010de barve z ble\u0161\u010de\u010dimi elementi.<\/p>\n<hr>\n<h5>Material:<\/h5>\n<p> steklo<\/p>\n<h5>Dimenizija:<\/h5>\n<p> 10cm<\/p>\n","protected":false},"excerpt":{"rendered":"<p>Novoletni okrasek bogate rde\u010de barve z ble\u0161\u010de\u010dimi elementi.<\/p>\n","protected":false},"featured_media":12225,"template":"","meta":[],"product_brand":[],"product_cat":[88,18],"product_tag":[923,919,941,930,925],"class_list":{"0":"post-13413","1":"product","2":"type-product","3":"status-publish","4":"has-post-thumbnail","6":"product_cat-bozic","7":"product_cat-novoletni-okraski","8":"product_tag-kolekcija-bozicna-domacnost","9":"product_tag-kolekcija-candy-cane","10":"product_tag-kolekcija-multi","11":"product_tag-kolekcija-nutcracker","12":"product_tag-kolekcija-tradicionalen-bozic","13":"pa_barva-rdeca","14":"pa_velikost-10cm","16":"first","17":"instock","18":"taxable","19":"shipping-taxable","20":"purchasable","21":"product-type-simple"},"_links":{"self":[{"href":"https:\/\/promak.si\/hr\/wp-json\/wp\/v2\/product\/13413","targetHints":{"allow":["GET"]}}],"collection":[{"href":"https:\/\/promak.si\/hr\/wp-json\/wp\/v2\/product"}],"about":[{"href":"https:\/\/promak.si\/hr\/wp-json\/wp\/v2\/types\/product"}],"wp:featuredmedia":[{"embeddable":true,"href":"https:\/\/promak.si\/hr\/wp-json\/wp\/v2\/media\/12225"}],"wp:attachment":[{"href":"https:\/\/promak.si\/hr\/wp-json\/wp\/v2\/media?parent=13413"}],"wp:term":[{"taxonomy":"product_brand","embeddable":true,"href":"https:\/\/promak.si\/hr\/wp-json\/wp\/v2\/product_brand?post=13413"},{"taxonomy":"product_cat","embeddable":true,"href":"https:\/\/promak.si\/hr\/wp-json\/wp\/v2\/product_cat?post=13413"},{"taxonomy":"product_tag","embeddable":true,"href":"https:\/\/promak.si\/hr\/wp-json\/wp\/v2\/product_tag?post=13413"}],"curies":[{"name":"wp","href":"https:\/\/api.w.org\/{rel}","templated":true}]}}