{"id":13410,"date":"2022-10-29T11:54:11","date_gmt":"2022-10-29T09:54:11","guid":{"rendered":"https:\/\/promak.si\/trgovina\/nekategorizirano\/krogla-fuso-steklo-h-135-d-65-cm-rdeca-x-1\/"},"modified":"2026-04-25T01:30:19","modified_gmt":"2026-04-24T23:30:19","slug":"krogla-fuso-steklo-h-135-d-65-cm-rdeca-x-1","status":"publish","type":"product","link":"https:\/\/promak.si\/trgovina\/krogla-fuso-steklo-h-135-d-65-cm-rdeca-x-1\/","title":{"rendered":"Krogla fuso steklo h-13,5, d-6,5 cm rde\u010da x 1"},"content":{"rendered":"<p>Novoletni okrasek v rde\u010di barvi z ble\u0161\u010de\u010dimi okroglimi ornamenti.<\/p>\n<hr>\n<h5>Material:<\/h5>\n<p> steklo<\/p>\n<h5>Dimenizija:<\/h5>\n<p> 13,5cm<\/p>\n","protected":false},"excerpt":{"rendered":"<p>Novoletni okrasek v rde\u010di barvi z ble\u0161\u010de\u010dimi okroglimi ornamenti.<\/p>\n","protected":false},"featured_media":12031,"template":"","meta":[],"product_brand":[],"product_cat":[88,18],"product_tag":[923,919,930,925],"class_list":{"0":"post-13410","1":"product","2":"type-product","3":"status-publish","4":"has-post-thumbnail","6":"product_cat-bozic","7":"product_cat-novoletni-okraski","8":"product_tag-kolekcija-bozicna-domacnost","9":"product_tag-kolekcija-candy-cane","10":"product_tag-kolekcija-nutcracker","11":"product_tag-kolekcija-tradicionalen-bozic","12":"pa_barva-rdeca","13":"pa_velikost-13cm","15":"first","16":"instock","17":"taxable","18":"shipping-taxable","19":"purchasable","20":"product-type-simple"},"_links":{"self":[{"href":"https:\/\/promak.si\/hr\/wp-json\/wp\/v2\/product\/13410","targetHints":{"allow":["GET"]}}],"collection":[{"href":"https:\/\/promak.si\/hr\/wp-json\/wp\/v2\/product"}],"about":[{"href":"https:\/\/promak.si\/hr\/wp-json\/wp\/v2\/types\/product"}],"wp:featuredmedia":[{"embeddable":true,"href":"https:\/\/promak.si\/hr\/wp-json\/wp\/v2\/media\/12031"}],"wp:attachment":[{"href":"https:\/\/promak.si\/hr\/wp-json\/wp\/v2\/media?parent=13410"}],"wp:term":[{"taxonomy":"product_brand","embeddable":true,"href":"https:\/\/promak.si\/hr\/wp-json\/wp\/v2\/product_brand?post=13410"},{"taxonomy":"product_cat","embeddable":true,"href":"https:\/\/promak.si\/hr\/wp-json\/wp\/v2\/product_cat?post=13410"},{"taxonomy":"product_tag","embeddable":true,"href":"https:\/\/promak.si\/hr\/wp-json\/wp\/v2\/product_tag?post=13410"}],"curies":[{"name":"wp","href":"https:\/\/api.w.org\/{rel}","templated":true}]}}