{"id":13388,"date":"2022-10-29T11:54:07","date_gmt":"2022-10-29T09:54:07","guid":{"rendered":"https:\/\/promak.si\/trgovina\/nekategorizirano\/krogla-steklo-zlata-d-8-cm-2\/"},"modified":"2026-04-25T01:30:15","modified_gmt":"2026-04-24T23:30:15","slug":"krogla-steklo-zlata-d-8-cm-2","status":"publish","type":"product","link":"https:\/\/promak.si\/trgovina\/krogla-steklo-zlata-d-8-cm-2\/","title":{"rendered":"Krogla steklo zlata 10cm"},"content":{"rendered":"<p>Novoletni okrasek ble\u0161\u010de\u010de zlate barve baro\u010dnega videza z ble\u0161\u010dicami.<\/p>\n<hr>\n<h5>Material:<\/h5>\n<p> steklo<\/p>\n<h5>Dimenizija:<\/h5>\n<p> 8cm<\/p>\n","protected":false},"excerpt":{"rendered":"<p>Novoletni okrasek ble\u0161\u010de\u010de zlate barve baro\u010dnega videza z ble\u0161\u010dicami.<\/p>\n","protected":false},"featured_media":20935,"template":"","meta":[],"product_brand":[],"product_cat":[88,18],"product_tag":[923,924,922,921],"class_list":{"0":"post-13388","1":"product","2":"type-product","3":"status-publish","4":"has-post-thumbnail","6":"product_cat-bozic","7":"product_cat-novoletni-okraski","8":"product_tag-kolekcija-bozicna-domacnost","9":"product_tag-kolekcija-hollywoodski-glamur","10":"product_tag-kolekcija-kraljevi-dvor","11":"product_tag-kolekcija-zelena-eleganca","12":"pa_barva-zlata","13":"pa_velikost-8cm","15":"first","16":"instock","17":"taxable","18":"shipping-taxable","19":"purchasable","20":"product-type-simple"},"_links":{"self":[{"href":"https:\/\/promak.si\/hr\/wp-json\/wp\/v2\/product\/13388","targetHints":{"allow":["GET"]}}],"collection":[{"href":"https:\/\/promak.si\/hr\/wp-json\/wp\/v2\/product"}],"about":[{"href":"https:\/\/promak.si\/hr\/wp-json\/wp\/v2\/types\/product"}],"wp:featuredmedia":[{"embeddable":true,"href":"https:\/\/promak.si\/hr\/wp-json\/wp\/v2\/media\/20935"}],"wp:attachment":[{"href":"https:\/\/promak.si\/hr\/wp-json\/wp\/v2\/media?parent=13388"}],"wp:term":[{"taxonomy":"product_brand","embeddable":true,"href":"https:\/\/promak.si\/hr\/wp-json\/wp\/v2\/product_brand?post=13388"},{"taxonomy":"product_cat","embeddable":true,"href":"https:\/\/promak.si\/hr\/wp-json\/wp\/v2\/product_cat?post=13388"},{"taxonomy":"product_tag","embeddable":true,"href":"https:\/\/promak.si\/hr\/wp-json\/wp\/v2\/product_tag?post=13388"}],"curies":[{"name":"wp","href":"https:\/\/api.w.org\/{rel}","templated":true}]}}