{"id":13292,"date":"2022-10-29T11:53:46","date_gmt":"2022-10-29T09:53:46","guid":{"rendered":"https:\/\/promak.si\/trgovina\/nekategorizirano\/pticek-perje-oranz-scipalka-set-3\/"},"modified":"2026-04-25T01:30:33","modified_gmt":"2026-04-24T23:30:33","slug":"pticek-perje-oranz-scipalka-set-3","status":"publish","type":"product","link":"https:\/\/promak.si\/trgovina\/pticek-perje-oranz-scipalka-set-3\/","title":{"rendered":"Pti\u010dek perje oran\u017e\/\u0160\u010dipalka set 3"},"content":{"rendered":"<p>Novoletni okrasek set treh pti\u010dkov v zlato-oran\u017eni barvi s pripenjanjem na \u0161\u010dipalko.<\/p>\n<hr>\n<h5>Material:<\/h5>\n<p> steklo<\/p>\n<h5>Dimenizija:<\/h5>\n<p> 10cm<\/p>\n","protected":false},"excerpt":{"rendered":"<p>Novoletni okrasek set treh pti\u010dkov v zlato-oran\u017eni barvi s pripenjanjem na \u0161\u010dipalko.<\/p>\n","protected":false},"featured_media":21061,"template":"","meta":[],"product_brand":[],"product_cat":[88,18],"product_tag":[922],"class_list":{"0":"post-13292","1":"product","2":"type-product","3":"status-publish","4":"has-post-thumbnail","6":"product_cat-bozic","7":"product_cat-novoletni-okraski","8":"product_tag-kolekcija-kraljevi-dvor","9":"pa_barva-zlata","10":"pa_velikost-6cm","12":"first","13":"instock","14":"taxable","15":"shipping-taxable","16":"purchasable","17":"product-type-simple"},"_links":{"self":[{"href":"https:\/\/promak.si\/hr\/wp-json\/wp\/v2\/product\/13292","targetHints":{"allow":["GET"]}}],"collection":[{"href":"https:\/\/promak.si\/hr\/wp-json\/wp\/v2\/product"}],"about":[{"href":"https:\/\/promak.si\/hr\/wp-json\/wp\/v2\/types\/product"}],"wp:featuredmedia":[{"embeddable":true,"href":"https:\/\/promak.si\/hr\/wp-json\/wp\/v2\/media\/21061"}],"wp:attachment":[{"href":"https:\/\/promak.si\/hr\/wp-json\/wp\/v2\/media?parent=13292"}],"wp:term":[{"taxonomy":"product_brand","embeddable":true,"href":"https:\/\/promak.si\/hr\/wp-json\/wp\/v2\/product_brand?post=13292"},{"taxonomy":"product_cat","embeddable":true,"href":"https:\/\/promak.si\/hr\/wp-json\/wp\/v2\/product_cat?post=13292"},{"taxonomy":"product_tag","embeddable":true,"href":"https:\/\/promak.si\/hr\/wp-json\/wp\/v2\/product_tag?post=13292"}],"curies":[{"name":"wp","href":"https:\/\/api.w.org\/{rel}","templated":true}]}}